{"id":7694,"date":"2025-11-26T15:47:24","date_gmt":"2025-11-26T14:47:24","guid":{"rendered":"https:\/\/juhaszbrotherswinery.hu\/termek\/ketszemelyes-ajandekutalvany-borbarunkba\/"},"modified":"2026-01-12T15:44:35","modified_gmt":"2026-01-12T14:44:35","slug":"ketszemelyes-ajandekutalvany-borbarunkba","status":"publish","type":"product","link":"https:\/\/juhaszbrotherswinery.hu\/en\/product\/ketszemelyes-ajandekutalvany-borbarunkba\/","title":{"rendered":"K\u00e9tszem\u00e9lyes Aj\u00e1nd\u00e9kutalv\u00e1ny Borb\u00e1runkba"},"content":{"rendered":"","protected":false},"excerpt":{"rendered":"<p>Lepd meg szeretteid vagy bar\u00e1taidat egy k\u00fcl\u00f6nleges \u00e9lm\u00e9nnyel! A <strong>Pr\u00e9mium Bork\u00f3stol\u00f3 &amp; Gourmet hideg t\u00e1l 2 f\u0151 r\u00e9sz\u00e9re<\/strong> utalv\u00e1nyunk t\u00f6k\u00e9letes aj\u00e1nd\u00e9k minden bor- \u00e9s gasztron\u00f3mia rajong\u00f3nak.<\/p>\n<p><strong>Hol haszn\u00e1lhatod fel?<br \/>\n<\/strong>Juh\u00e1sz Testv\u00e9rek Pinc\u00e9szete Wine Bar &amp; Shop<br \/>\n3300 Eger, Sz\u00e9passzonyv\u00f6lgy 38.<\/p>\n<p><b>Mit tartalmaz?<br \/>\n<\/b>Sajt- \u00e9s sonkat\u00e1l 2 f\u0151re Bagettel | 6 boros Pr\u00e9mium bork\u00f3stol\u00f3 \u00e9s \u00e1sv\u00e1nyv\u00edz ig\u00e9ny szerint<\/p>\n<p><b>Hogyan m\u0171k\u00f6dik a v\u00e1s\u00e1rl\u00e1si folyamat?<\/b><\/p>\n<ul>\n<li>Tedd a kosaradba a term\u00e9ket<\/li>\n<li>A v\u00e1s\u00e1rl\u00e1si folyamat v\u00e9g\u00e9n \u00edrd bele a Megjegyz\u00e9s mez\u0151be, hogy kinek\/kiknek a r\u00e9sz\u00e9re k\u00fcld\u00f6d aj\u00e1nd\u00e9kba<\/li>\n<li>Mi r\u00e1\u00edrjuk egy sz\u00e9p pap\u00edr alap\u00fa Aj\u00e1nd\u00e9kutalv\u00e1nyra az aj\u00e1nd\u00e9kozott nev\u00e9t \u00e9s kipost\u00e1zzuk Neked<\/li>\n<li>Neked pedig m\u00e1r csak \u00e1t kell adnod<\/li>\n<li>Az aj\u00e1nd\u00e9kozottaknak id\u0151pont egyeztet\u00e9s sz\u00fcks\u00e9ges el\u0151zetesen a <a href=\"mailto:borbar@juhaszvin.hu\" target=\"_blank\" rel=\"noopener\">borbar@juhaszvin.hu<\/a> e-mail c\u00edmen<\/li>\n<\/ul>\n<p><strong>\u00c9rv\u00e9nyess\u00e9g:<\/strong> 2026.12.31.<br \/>\n<strong>Foglal\u00e1s a k\u00f3stol\u00f3ra: <\/strong>+36 30 493 8415 | <a rel=\"noopener\">borbar@juhaszvin.hu<\/a><\/p>\n","protected":false},"featured_media":8020,"template":"","meta":{"site-sidebar-layout":"default","site-content-layout":"","ast-site-content-layout":"default","site-content-style":"default","site-sidebar-style":"default","ast-global-header-display":"","ast-banner-title-visibility":"","ast-main-header-display":"","ast-hfb-above-header-display":"","ast-hfb-below-header-display":"","ast-hfb-mobile-header-display":"","site-post-title":"","ast-breadcrumbs-content":"","ast-featured-img":"","footer-sml-layout":"","ast-disable-related-posts":"","theme-transparent-header-meta":"default","adv-header-id-meta":"","stick-header-meta":"","header-above-stick-meta":"","header-main-stick-meta":"","header-below-stick-meta":"","astra-migrate-meta-layouts":"set","ast-page-background-enabled":"default","ast-page-background-meta":{"desktop":{"background-color":"var(--ast-global-color-5)","background-image":"","background-repeat":"repeat","background-position":"center center","background-size":"auto","background-attachment":"scroll","background-type":"","background-media":"","overlay-type":"","overlay-color":"","overlay-opacity":"","overlay-gradient":""},"tablet":{"background-color":"","background-image":"","background-repeat":"repeat","background-position":"center center","background-size":"auto","background-attachment":"scroll","background-type":"","background-media":"","overlay-type":"","overlay-color":"","overlay-opacity":"","overlay-gradient":""},"mobile":{"background-color":"","background-image":"","background-repeat":"repeat","background-position":"center center","background-size":"auto","background-attachment":"scroll","background-type":"","background-media":"","overlay-type":"","overlay-color":"","overlay-opacity":"","overlay-gradient":""}},"ast-content-background-meta":{"desktop":{"background-color":"var(--ast-global-color-4)","background-image":"","background-repeat":"repeat","background-position":"center center","background-size":"auto","background-attachment":"scroll","background-type":"","background-media":"","overlay-type":"","overlay-color":"","overlay-opacity":"","overlay-gradient":""},"tablet":{"background-color":"var(--ast-global-color-4)","background-image":"","background-repeat":"repeat","background-position":"center center","background-size":"auto","background-attachment":"scroll","background-type":"","background-media":"","overlay-type":"","overlay-color":"","overlay-opacity":"","overlay-gradient":""},"mobile":{"background-color":"var(--ast-global-color-4)","background-image":"","background-repeat":"repeat","background-position":"center center","background-size":"auto","background-attachment":"scroll","background-type":"","background-media":"","overlay-type":"","overlay-color":"","overlay-opacity":"","overlay-gradient":""}}},"product_brand":[],"product_cat":[127],"product_tag":[],"class_list":{"0":"post-7694","1":"product","2":"type-product","3":"status-publish","4":"has-post-thumbnail","6":"product_cat-gift","7":"desktop-align-center","8":"tablet-align-left","9":"mobile-align-left","11":"first","12":"instock","13":"virtual","14":"taxable","15":"purchasable","16":"product-type-simple"},"yoast_head":"<!-- This site is optimized with the Yoast SEO plugin v27.3 - https:\/\/yoast.com\/product\/yoast-seo-wordpress\/ -->\n<title>K\u00e9tszem\u00e9lyes Aj\u00e1nd\u00e9kutalv\u00e1ny Borb\u00e1runkba<\/title>\n<meta name=\"description\" content=\"A Pr\u00e9mium Bork\u00f3stol\u00f3 &amp; Gourmet hideg t\u00e1l 2 f\u0151 r\u00e9sz\u00e9re utalv\u00e1nyunk t\u00f6k\u00e9letes aj\u00e1nd\u00e9k minden bor- \u00e9s gasztron\u00f3mia rajong\u00f3nak.\" \/>\n<meta name=\"robots\" content=\"index, follow, max-snippet:-1, max-image-preview:large, max-video-preview:-1\" \/>\n<link rel=\"canonical\" href=\"https:\/\/juhaszbrotherswinery.hu\/en\/product\/ketszemelyes-ajandekutalvany-borbarunkba\/\" \/>\n<meta property=\"og:locale\" content=\"en_US\" \/>\n<meta property=\"og:type\" content=\"article\" \/>\n<meta property=\"og:title\" content=\"K\u00e9tszem\u00e9lyes Aj\u00e1nd\u00e9kutalv\u00e1ny Borb\u00e1runkba\" \/>\n<meta property=\"og:description\" content=\"A Pr\u00e9mium Bork\u00f3stol\u00f3 &amp; Gourmet hideg t\u00e1l 2 f\u0151 r\u00e9sz\u00e9re utalv\u00e1nyunk t\u00f6k\u00e9letes aj\u00e1nd\u00e9k minden bor- \u00e9s gasztron\u00f3mia rajong\u00f3nak.\" \/>\n<meta property=\"og:url\" content=\"https:\/\/juhaszbrotherswinery.hu\/en\/product\/ketszemelyes-ajandekutalvany-borbarunkba\/\" \/>\n<meta property=\"og:site_name\" content=\"Juh\u00e1sz Webshop\" \/>\n<meta property=\"article:publisher\" content=\"https:\/\/www.facebook.com\/juhasztestverek\" \/>\n<meta property=\"article:modified_time\" content=\"2026-01-12T14:44:35+00:00\" \/>\n<meta name=\"twitter:card\" content=\"summary_large_image\" \/>\n<meta name=\"twitter:label1\" content=\"Est. reading time\" \/>\n\t<meta name=\"twitter:data1\" content=\"1 minute\" \/>\n<script type=\"application\/ld+json\" class=\"yoast-schema-graph\">{\"@context\":\"https:\\\/\\\/schema.org\",\"@graph\":[{\"@type\":\"WebPage\",\"@id\":\"https:\\\/\\\/juhaszbrotherswinery.hu\\\/en\\\/product\\\/ketszemelyes-ajandekutalvany-borbarunkba\\\/\",\"url\":\"https:\\\/\\\/juhaszbrotherswinery.hu\\\/en\\\/product\\\/ketszemelyes-ajandekutalvany-borbarunkba\\\/\",\"name\":\"K\u00e9tszem\u00e9lyes Aj\u00e1nd\u00e9kutalv\u00e1ny Borb\u00e1runkba\",\"isPartOf\":{\"@id\":\"https:\\\/\\\/juhaszbrotherswinery.hu\\\/en\\\/#website\"},\"primaryImageOfPage\":{\"@id\":\"https:\\\/\\\/juhaszbrotherswinery.hu\\\/en\\\/product\\\/ketszemelyes-ajandekutalvany-borbarunkba\\\/#primaryimage\"},\"image\":{\"@id\":\"https:\\\/\\\/juhaszbrotherswinery.hu\\\/en\\\/product\\\/ketszemelyes-ajandekutalvany-borbarunkba\\\/#primaryimage\"},\"thumbnailUrl\":\"https:\\\/\\\/juhaszbrotherswinery.hu\\\/wp-content\\\/uploads\\\/2025\\\/11\\\/JTP-Ajandekutalvany-1000x1000-1.jpg\",\"datePublished\":\"2025-11-26T14:47:24+00:00\",\"dateModified\":\"2026-01-12T14:44:35+00:00\",\"description\":\"A Pr\u00e9mium Bork\u00f3stol\u00f3 & Gourmet hideg t\u00e1l 2 f\u0151 r\u00e9sz\u00e9re utalv\u00e1nyunk t\u00f6k\u00e9letes aj\u00e1nd\u00e9k minden bor- \u00e9s gasztron\u00f3mia rajong\u00f3nak.\",\"breadcrumb\":{\"@id\":\"https:\\\/\\\/juhaszbrotherswinery.hu\\\/en\\\/product\\\/ketszemelyes-ajandekutalvany-borbarunkba\\\/#breadcrumb\"},\"inLanguage\":\"en-US\",\"potentialAction\":[{\"@type\":\"ReadAction\",\"target\":[\"https:\\\/\\\/juhaszbrotherswinery.hu\\\/en\\\/product\\\/ketszemelyes-ajandekutalvany-borbarunkba\\\/\"]}]},{\"@type\":\"ImageObject\",\"inLanguage\":\"en-US\",\"@id\":\"https:\\\/\\\/juhaszbrotherswinery.hu\\\/en\\\/product\\\/ketszemelyes-ajandekutalvany-borbarunkba\\\/#primaryimage\",\"url\":\"https:\\\/\\\/juhaszbrotherswinery.hu\\\/wp-content\\\/uploads\\\/2025\\\/11\\\/JTP-Ajandekutalvany-1000x1000-1.jpg\",\"contentUrl\":\"https:\\\/\\\/juhaszbrotherswinery.hu\\\/wp-content\\\/uploads\\\/2025\\\/11\\\/JTP-Ajandekutalvany-1000x1000-1.jpg\",\"width\":1000,\"height\":1000},{\"@type\":\"BreadcrumbList\",\"@id\":\"https:\\\/\\\/juhaszbrotherswinery.hu\\\/en\\\/product\\\/ketszemelyes-ajandekutalvany-borbarunkba\\\/#breadcrumb\",\"itemListElement\":[{\"@type\":\"ListItem\",\"position\":1,\"name\":\"Kezd\u0151lap\",\"item\":\"https:\\\/\\\/juhaszbrotherswinery.hu\\\/en\\\/\"},{\"@type\":\"ListItem\",\"position\":2,\"name\":\"Shop\",\"item\":\"https:\\\/\\\/juhaszbrotherswinery.hu\\\/en\\\/shop\\\/\"},{\"@type\":\"ListItem\",\"position\":3,\"name\":\"K\u00e9tszem\u00e9lyes Aj\u00e1nd\u00e9kutalv\u00e1ny Borb\u00e1runkba\"}]},{\"@type\":\"WebSite\",\"@id\":\"https:\\\/\\\/juhaszbrotherswinery.hu\\\/en\\\/#website\",\"url\":\"https:\\\/\\\/juhaszbrotherswinery.hu\\\/en\\\/\",\"name\":\"Juh\u00e1sz Webshop\",\"description\":\"T\u00f6rt\u00e9net\u00fcnk palackr\u00f3l palackra.\",\"publisher\":{\"@id\":\"https:\\\/\\\/juhaszbrotherswinery.hu\\\/en\\\/#organization\"},\"potentialAction\":[{\"@type\":\"SearchAction\",\"target\":{\"@type\":\"EntryPoint\",\"urlTemplate\":\"https:\\\/\\\/juhaszbrotherswinery.hu\\\/en\\\/?s={search_term_string}\"},\"query-input\":{\"@type\":\"PropertyValueSpecification\",\"valueRequired\":true,\"valueName\":\"search_term_string\"}}],\"inLanguage\":\"en-US\"},{\"@type\":\"Organization\",\"@id\":\"https:\\\/\\\/juhaszbrotherswinery.hu\\\/en\\\/#organization\",\"name\":\"Juh\u00e1sz Webshop\",\"url\":\"https:\\\/\\\/juhaszbrotherswinery.hu\\\/en\\\/\",\"logo\":{\"@type\":\"ImageObject\",\"inLanguage\":\"en-US\",\"@id\":\"https:\\\/\\\/juhaszbrotherswinery.hu\\\/en\\\/#\\\/schema\\\/logo\\\/image\\\/\",\"url\":\"https:\\\/\\\/juhaszbrotherswinery.hu\\\/wp-content\\\/uploads\\\/2026\\\/01\\\/cropped-juhasz_logo_30.png\",\"contentUrl\":\"https:\\\/\\\/juhaszbrotherswinery.hu\\\/wp-content\\\/uploads\\\/2026\\\/01\\\/cropped-juhasz_logo_30.png\",\"width\":460,\"height\":213,\"caption\":\"Juh\u00e1sz Webshop\"},\"image\":{\"@id\":\"https:\\\/\\\/juhaszbrotherswinery.hu\\\/en\\\/#\\\/schema\\\/logo\\\/image\\\/\"},\"sameAs\":[\"https:\\\/\\\/www.facebook.com\\\/juhasztestverek\",\"https:\\\/\\\/www.instagram.com\\\/juhasztestverekpinceszete\\\/\"]}]}<\/script>\n<!-- \/ Yoast SEO plugin. -->","yoast_head_json":{"title":"K\u00e9tszem\u00e9lyes Aj\u00e1nd\u00e9kutalv\u00e1ny Borb\u00e1runkba","description":"A Pr\u00e9mium Bork\u00f3stol\u00f3 & Gourmet hideg t\u00e1l 2 f\u0151 r\u00e9sz\u00e9re utalv\u00e1nyunk t\u00f6k\u00e9letes aj\u00e1nd\u00e9k minden bor- \u00e9s gasztron\u00f3mia rajong\u00f3nak.","robots":{"index":"index","follow":"follow","max-snippet":"max-snippet:-1","max-image-preview":"max-image-preview:large","max-video-preview":"max-video-preview:-1"},"canonical":"https:\/\/juhaszbrotherswinery.hu\/en\/product\/ketszemelyes-ajandekutalvany-borbarunkba\/","og_locale":"en_US","og_type":"article","og_title":"K\u00e9tszem\u00e9lyes Aj\u00e1nd\u00e9kutalv\u00e1ny Borb\u00e1runkba","og_description":"A Pr\u00e9mium Bork\u00f3stol\u00f3 & Gourmet hideg t\u00e1l 2 f\u0151 r\u00e9sz\u00e9re utalv\u00e1nyunk t\u00f6k\u00e9letes aj\u00e1nd\u00e9k minden bor- \u00e9s gasztron\u00f3mia rajong\u00f3nak.","og_url":"https:\/\/juhaszbrotherswinery.hu\/en\/product\/ketszemelyes-ajandekutalvany-borbarunkba\/","og_site_name":"Juh\u00e1sz Webshop","article_publisher":"https:\/\/www.facebook.com\/juhasztestverek","article_modified_time":"2026-01-12T14:44:35+00:00","twitter_card":"summary_large_image","twitter_misc":{"Est. reading time":"1 minute"},"schema":{"@context":"https:\/\/schema.org","@graph":[{"@type":"WebPage","@id":"https:\/\/juhaszbrotherswinery.hu\/en\/product\/ketszemelyes-ajandekutalvany-borbarunkba\/","url":"https:\/\/juhaszbrotherswinery.hu\/en\/product\/ketszemelyes-ajandekutalvany-borbarunkba\/","name":"K\u00e9tszem\u00e9lyes Aj\u00e1nd\u00e9kutalv\u00e1ny Borb\u00e1runkba","isPartOf":{"@id":"https:\/\/juhaszbrotherswinery.hu\/en\/#website"},"primaryImageOfPage":{"@id":"https:\/\/juhaszbrotherswinery.hu\/en\/product\/ketszemelyes-ajandekutalvany-borbarunkba\/#primaryimage"},"image":{"@id":"https:\/\/juhaszbrotherswinery.hu\/en\/product\/ketszemelyes-ajandekutalvany-borbarunkba\/#primaryimage"},"thumbnailUrl":"https:\/\/juhaszbrotherswinery.hu\/wp-content\/uploads\/2025\/11\/JTP-Ajandekutalvany-1000x1000-1.jpg","datePublished":"2025-11-26T14:47:24+00:00","dateModified":"2026-01-12T14:44:35+00:00","description":"A Pr\u00e9mium Bork\u00f3stol\u00f3 & Gourmet hideg t\u00e1l 2 f\u0151 r\u00e9sz\u00e9re utalv\u00e1nyunk t\u00f6k\u00e9letes aj\u00e1nd\u00e9k minden bor- \u00e9s gasztron\u00f3mia rajong\u00f3nak.","breadcrumb":{"@id":"https:\/\/juhaszbrotherswinery.hu\/en\/product\/ketszemelyes-ajandekutalvany-borbarunkba\/#breadcrumb"},"inLanguage":"en-US","potentialAction":[{"@type":"ReadAction","target":["https:\/\/juhaszbrotherswinery.hu\/en\/product\/ketszemelyes-ajandekutalvany-borbarunkba\/"]}]},{"@type":"ImageObject","inLanguage":"en-US","@id":"https:\/\/juhaszbrotherswinery.hu\/en\/product\/ketszemelyes-ajandekutalvany-borbarunkba\/#primaryimage","url":"https:\/\/juhaszbrotherswinery.hu\/wp-content\/uploads\/2025\/11\/JTP-Ajandekutalvany-1000x1000-1.jpg","contentUrl":"https:\/\/juhaszbrotherswinery.hu\/wp-content\/uploads\/2025\/11\/JTP-Ajandekutalvany-1000x1000-1.jpg","width":1000,"height":1000},{"@type":"BreadcrumbList","@id":"https:\/\/juhaszbrotherswinery.hu\/en\/product\/ketszemelyes-ajandekutalvany-borbarunkba\/#breadcrumb","itemListElement":[{"@type":"ListItem","position":1,"name":"Kezd\u0151lap","item":"https:\/\/juhaszbrotherswinery.hu\/en\/"},{"@type":"ListItem","position":2,"name":"Shop","item":"https:\/\/juhaszbrotherswinery.hu\/en\/shop\/"},{"@type":"ListItem","position":3,"name":"K\u00e9tszem\u00e9lyes Aj\u00e1nd\u00e9kutalv\u00e1ny Borb\u00e1runkba"}]},{"@type":"WebSite","@id":"https:\/\/juhaszbrotherswinery.hu\/en\/#website","url":"https:\/\/juhaszbrotherswinery.hu\/en\/","name":"Juh\u00e1sz Webshop","description":"T\u00f6rt\u00e9net\u00fcnk palackr\u00f3l palackra.","publisher":{"@id":"https:\/\/juhaszbrotherswinery.hu\/en\/#organization"},"potentialAction":[{"@type":"SearchAction","target":{"@type":"EntryPoint","urlTemplate":"https:\/\/juhaszbrotherswinery.hu\/en\/?s={search_term_string}"},"query-input":{"@type":"PropertyValueSpecification","valueRequired":true,"valueName":"search_term_string"}}],"inLanguage":"en-US"},{"@type":"Organization","@id":"https:\/\/juhaszbrotherswinery.hu\/en\/#organization","name":"Juh\u00e1sz Webshop","url":"https:\/\/juhaszbrotherswinery.hu\/en\/","logo":{"@type":"ImageObject","inLanguage":"en-US","@id":"https:\/\/juhaszbrotherswinery.hu\/en\/#\/schema\/logo\/image\/","url":"https:\/\/juhaszbrotherswinery.hu\/wp-content\/uploads\/2026\/01\/cropped-juhasz_logo_30.png","contentUrl":"https:\/\/juhaszbrotherswinery.hu\/wp-content\/uploads\/2026\/01\/cropped-juhasz_logo_30.png","width":460,"height":213,"caption":"Juh\u00e1sz Webshop"},"image":{"@id":"https:\/\/juhaszbrotherswinery.hu\/en\/#\/schema\/logo\/image\/"},"sameAs":["https:\/\/www.facebook.com\/juhasztestverek","https:\/\/www.instagram.com\/juhasztestverekpinceszete\/"]}]}},"jetpack_sharing_enabled":true,"_links":{"self":[{"href":"https:\/\/juhaszbrotherswinery.hu\/en\/wp-json\/wp\/v2\/product\/7694","targetHints":{"allow":["GET"]}}],"collection":[{"href":"https:\/\/juhaszbrotherswinery.hu\/en\/wp-json\/wp\/v2\/product"}],"about":[{"href":"https:\/\/juhaszbrotherswinery.hu\/en\/wp-json\/wp\/v2\/types\/product"}],"wp:featuredmedia":[{"embeddable":true,"href":"https:\/\/juhaszbrotherswinery.hu\/en\/wp-json\/wp\/v2\/media\/8020"}],"wp:attachment":[{"href":"https:\/\/juhaszbrotherswinery.hu\/en\/wp-json\/wp\/v2\/media?parent=7694"}],"wp:term":[{"taxonomy":"product_brand","embeddable":true,"href":"https:\/\/juhaszbrotherswinery.hu\/en\/wp-json\/wp\/v2\/product_brand?post=7694"},{"taxonomy":"product_cat","embeddable":true,"href":"https:\/\/juhaszbrotherswinery.hu\/en\/wp-json\/wp\/v2\/product_cat?post=7694"},{"taxonomy":"product_tag","embeddable":true,"href":"https:\/\/juhaszbrotherswinery.hu\/en\/wp-json\/wp\/v2\/product_tag?post=7694"}],"curies":[{"name":"wp","href":"https:\/\/api.w.org\/{rel}","templated":true}]}}