{"id":7656,"date":"2023-11-27T14:27:34","date_gmt":"2023-11-27T13:27:34","guid":{"rendered":"https:\/\/juhaszbrotherswinery.hu\/termek\/juhasz-vegtelen-egri-cuvee-grand-superior-2022\/"},"modified":"2025-12-16T14:14:57","modified_gmt":"2025-12-16T13:14:57","slug":"juhasz-vegtelen-egri-cuvee-grand-superior-2022","status":"publish","type":"product","link":"https:\/\/juhaszbrotherswinery.hu\/en\/product\/juhasz-vegtelen-egri-cuvee-grand-superior-2022\/","title":{"rendered":"Juh\u00e1sz V\u00e9gtelen Egri Cuv\u00e9e Grand Superior 2022"},"content":{"rendered":"","protected":false},"excerpt":{"rendered":"<p>Bottle price: <strong>11.000 Ft<\/strong><br \/>\nCase price: <strong>60.000 Ft<\/strong> means 6 x <strong>10.000 Ft<\/strong><\/p>\n<p data-start=\"128\" data-end=\"651\">The result of many years of research, careful selection, and tasting, Juh\u00e1sz V\u00e9gtelen comes from the finest parcels of two exceptional vineyards with volcanic riolittuff soils \u2014 Geszteny\u00e9s and \u00d6reghegy. Merlot, Cabernet Franc, and K\u00e9kfrankos grapes underwent spontaneous fermentation and were matured as single-varietal wines for 24 months in 500-litre new oak barrels from Mecsek and Zempl\u00e9n. The five most outstanding barrels were selected, and the final blend then spent an additional 24 months ageing in the bottle.<\/p>\n<p data-start=\"653\" data-end=\"962\">Juh\u00e1sz V\u00e9gtelen is the vision of \u00c1d\u00e1m, reflecting both his deep love for the Eger wine region and the knowledge gained from international studies and research. The result is a densely woven, complex, and grand wine, consistently recognised among the finest in both domestic and international competitions.<\/p>\n<h3 data-start=\"969\" data-end=\"985\"><strong data-start=\"973\" data-end=\"983\">Awards<\/strong><\/h3>\n<ul data-start=\"986\" data-end=\"1158\">\n<li data-start=\"986\" data-end=\"1037\">\n<p data-start=\"988\" data-end=\"1037\"><strong data-start=\"988\" data-end=\"1035\">28th Berliner Wein Trophy 2024 | Gold Medal<\/strong><\/p>\n<\/li>\n<li data-start=\"1038\" data-end=\"1103\">\n<p data-start=\"1040\" data-end=\"1103\"><strong data-start=\"1040\" data-end=\"1101\">25th VinAgora International Wine Competition | Gold Medal<\/strong><\/p>\n<\/li>\n<li data-start=\"1104\" data-end=\"1158\">\n<p data-start=\"1106\" data-end=\"1158\"><strong data-start=\"1106\" data-end=\"1156\">Decanter World Wine Awards 2024 | Bronze Medal<\/strong><\/p>\n<\/li>\n<\/ul>\n","protected":false},"featured_media":6671,"template":"","meta":{"site-sidebar-layout":"default","site-content-layout":"","ast-site-content-layout":"default","site-content-style":"default","site-sidebar-style":"default","ast-global-header-display":"","ast-banner-title-visibility":"","ast-main-header-display":"","ast-hfb-above-header-display":"","ast-hfb-below-header-display":"","ast-hfb-mobile-header-display":"","site-post-title":"","ast-breadcrumbs-content":"","ast-featured-img":"","footer-sml-layout":"","ast-disable-related-posts":"","theme-transparent-header-meta":"default","adv-header-id-meta":"","stick-header-meta":"","header-above-stick-meta":"","header-main-stick-meta":"","header-below-stick-meta":"","astra-migrate-meta-layouts":"set","ast-page-background-enabled":"default","ast-page-background-meta":{"desktop":{"background-color":"var(--ast-global-color-5)","background-image":"","background-repeat":"repeat","background-position":"center center","background-size":"auto","background-attachment":"scroll","background-type":"","background-media":"","overlay-type":"","overlay-color":"","overlay-opacity":"","overlay-gradient":""},"tablet":{"background-color":"","background-image":"","background-repeat":"repeat","background-position":"center center","background-size":"auto","background-attachment":"scroll","background-type":"","background-media":"","overlay-type":"","overlay-color":"","overlay-opacity":"","overlay-gradient":""},"mobile":{"background-color":"","background-image":"","background-repeat":"repeat","background-position":"center center","background-size":"auto","background-attachment":"scroll","background-type":"","background-media":"","overlay-type":"","overlay-color":"","overlay-opacity":"","overlay-gradient":""}},"ast-content-background-meta":{"desktop":{"background-color":"var(--ast-global-color-4)","background-image":"","background-repeat":"repeat","background-position":"center center","background-size":"auto","background-attachment":"scroll","background-type":"","background-media":"","overlay-type":"","overlay-color":"","overlay-opacity":"","overlay-gradient":""},"tablet":{"background-color":"var(--ast-global-color-4)","background-image":"","background-repeat":"repeat","background-position":"center center","background-size":"auto","background-attachment":"scroll","background-type":"","background-media":"","overlay-type":"","overlay-color":"","overlay-opacity":"","overlay-gradient":""},"mobile":{"background-color":"var(--ast-global-color-4)","background-image":"","background-repeat":"repeat","background-position":"center center","background-size":"auto","background-attachment":"scroll","background-type":"","background-media":"","overlay-type":"","overlay-color":"","overlay-opacity":"","overlay-gradient":""}}},"product_brand":[],"product_cat":[133,140,129,137,143],"product_tag":[],"class_list":{"0":"post-7656","1":"product","2":"type-product","3":"status-publish","4":"has-post-thumbnail","6":"product_cat-drs","7":"product_cat-dry","8":"product_cat-gold-medalist","9":"product_cat-premium","10":"product_cat-red","11":"pa_alkohol-184","12":"pa_borkeszites-hagyomanyos-borkeszites","13":"pa_evjarat-181","14":"pa_jelleg-szaraz","15":"pa_kategoria-premium","16":"pa_kiszereles-bottle-750-ml","17":"pa_kiszereles-carton-6-x-750-ml","18":"pa_szin-voros","19":"pa_szolofajta-cabernet-franc","20":"pa_szolofajta-merlot","21":"desktop-align-center","22":"tablet-align-left","23":"mobile-align-left","25":"first","26":"instock","27":"taxable","28":"shipping-taxable","29":"purchasable","30":"product-type-variable"},"yoast_head":"<!-- This site is optimized with the Yoast SEO plugin v27.3 - https:\/\/yoast.com\/product\/yoast-seo-wordpress\/ -->\n<title>Juh\u00e1sz V\u00e9gtelen Egri Cuv\u00e9e Grand Superior 2022<\/title>\n<meta name=\"description\" content=\"Juh\u00e1sz V\u00e9gtelen comes from the finest parcels of two exceptional vineyards with volcanic riolittuff soils \u2014 Geszteny\u00e9s and \u00d6reghegy.\" \/>\n<meta name=\"robots\" content=\"index, follow, max-snippet:-1, max-image-preview:large, max-video-preview:-1\" \/>\n<link rel=\"canonical\" href=\"https:\/\/juhaszbrotherswinery.hu\/en\/product\/juhasz-vegtelen-egri-cuvee-grand-superior-2022\/\" \/>\n<meta property=\"og:locale\" content=\"en_US\" \/>\n<meta property=\"og:type\" content=\"article\" \/>\n<meta property=\"og:title\" content=\"Juh\u00e1sz V\u00e9gtelen Egri Cuv\u00e9e Grand Superior 2022\" \/>\n<meta property=\"og:description\" content=\"Juh\u00e1sz V\u00e9gtelen comes from the finest parcels of two exceptional vineyards with volcanic riolittuff soils \u2014 Geszteny\u00e9s and \u00d6reghegy.\" \/>\n<meta property=\"og:url\" content=\"https:\/\/juhaszbrotherswinery.hu\/en\/product\/juhasz-vegtelen-egri-cuvee-grand-superior-2022\/\" \/>\n<meta property=\"og:site_name\" content=\"Juh\u00e1sz Webshop\" \/>\n<meta property=\"article:publisher\" content=\"https:\/\/www.facebook.com\/juhasztestverek\" \/>\n<meta property=\"article:modified_time\" content=\"2025-12-16T13:14:57+00:00\" \/>\n<meta property=\"og:image\" content=\"https:\/\/juhaszbrotherswinery.hu\/wp-content\/uploads\/2023\/11\/Juhasz-Vegtelen-Egri-Cuvee-Grand-Superior-2022.jpg\" \/>\n\t<meta property=\"og:image:width\" content=\"2000\" \/>\n\t<meta property=\"og:image:height\" content=\"2000\" \/>\n\t<meta property=\"og:image:type\" content=\"image\/jpeg\" \/>\n<meta name=\"twitter:card\" content=\"summary_large_image\" \/>\n<meta name=\"twitter:label1\" content=\"Est. reading time\" \/>\n\t<meta name=\"twitter:data1\" content=\"1 minute\" \/>\n<script type=\"application\/ld+json\" class=\"yoast-schema-graph\">{\"@context\":\"https:\\\/\\\/schema.org\",\"@graph\":[{\"@type\":\"WebPage\",\"@id\":\"https:\\\/\\\/juhaszbrotherswinery.hu\\\/en\\\/product\\\/juhasz-vegtelen-egri-cuvee-grand-superior-2022\\\/\",\"url\":\"https:\\\/\\\/juhaszbrotherswinery.hu\\\/en\\\/product\\\/juhasz-vegtelen-egri-cuvee-grand-superior-2022\\\/\",\"name\":\"Juh\u00e1sz V\u00e9gtelen Egri Cuv\u00e9e Grand Superior 2022\",\"isPartOf\":{\"@id\":\"https:\\\/\\\/juhaszbrotherswinery.hu\\\/en\\\/#website\"},\"primaryImageOfPage\":{\"@id\":\"https:\\\/\\\/juhaszbrotherswinery.hu\\\/en\\\/product\\\/juhasz-vegtelen-egri-cuvee-grand-superior-2022\\\/#primaryimage\"},\"image\":{\"@id\":\"https:\\\/\\\/juhaszbrotherswinery.hu\\\/en\\\/product\\\/juhasz-vegtelen-egri-cuvee-grand-superior-2022\\\/#primaryimage\"},\"thumbnailUrl\":\"https:\\\/\\\/juhaszbrotherswinery.hu\\\/wp-content\\\/uploads\\\/2023\\\/11\\\/Juhasz-Vegtelen-Egri-Cuvee-Grand-Superior-2022.jpg\",\"datePublished\":\"2023-11-27T13:27:34+00:00\",\"dateModified\":\"2025-12-16T13:14:57+00:00\",\"description\":\"Juh\u00e1sz V\u00e9gtelen comes from the finest parcels of two exceptional vineyards with volcanic riolittuff soils \u2014 Geszteny\u00e9s and \u00d6reghegy.\",\"breadcrumb\":{\"@id\":\"https:\\\/\\\/juhaszbrotherswinery.hu\\\/en\\\/product\\\/juhasz-vegtelen-egri-cuvee-grand-superior-2022\\\/#breadcrumb\"},\"inLanguage\":\"en-US\",\"potentialAction\":[{\"@type\":\"ReadAction\",\"target\":[\"https:\\\/\\\/juhaszbrotherswinery.hu\\\/en\\\/product\\\/juhasz-vegtelen-egri-cuvee-grand-superior-2022\\\/\"]}]},{\"@type\":\"ImageObject\",\"inLanguage\":\"en-US\",\"@id\":\"https:\\\/\\\/juhaszbrotherswinery.hu\\\/en\\\/product\\\/juhasz-vegtelen-egri-cuvee-grand-superior-2022\\\/#primaryimage\",\"url\":\"https:\\\/\\\/juhaszbrotherswinery.hu\\\/wp-content\\\/uploads\\\/2023\\\/11\\\/Juhasz-Vegtelen-Egri-Cuvee-Grand-Superior-2022.jpg\",\"contentUrl\":\"https:\\\/\\\/juhaszbrotherswinery.hu\\\/wp-content\\\/uploads\\\/2023\\\/11\\\/Juhasz-Vegtelen-Egri-Cuvee-Grand-Superior-2022.jpg\",\"width\":2000,\"height\":2000},{\"@type\":\"BreadcrumbList\",\"@id\":\"https:\\\/\\\/juhaszbrotherswinery.hu\\\/en\\\/product\\\/juhasz-vegtelen-egri-cuvee-grand-superior-2022\\\/#breadcrumb\",\"itemListElement\":[{\"@type\":\"ListItem\",\"position\":1,\"name\":\"Kezd\u0151lap\",\"item\":\"https:\\\/\\\/juhaszbrotherswinery.hu\\\/en\\\/\"},{\"@type\":\"ListItem\",\"position\":2,\"name\":\"Shop\",\"item\":\"https:\\\/\\\/juhaszbrotherswinery.hu\\\/en\\\/shop\\\/\"},{\"@type\":\"ListItem\",\"position\":3,\"name\":\"Juh\u00e1sz V\u00e9gtelen Egri Cuv\u00e9e Grand Superior 2022\"}]},{\"@type\":\"WebSite\",\"@id\":\"https:\\\/\\\/juhaszbrotherswinery.hu\\\/en\\\/#website\",\"url\":\"https:\\\/\\\/juhaszbrotherswinery.hu\\\/en\\\/\",\"name\":\"Juh\u00e1sz Webshop\",\"description\":\"T\u00f6rt\u00e9net\u00fcnk palackr\u00f3l palackra.\",\"publisher\":{\"@id\":\"https:\\\/\\\/juhaszbrotherswinery.hu\\\/en\\\/#organization\"},\"potentialAction\":[{\"@type\":\"SearchAction\",\"target\":{\"@type\":\"EntryPoint\",\"urlTemplate\":\"https:\\\/\\\/juhaszbrotherswinery.hu\\\/en\\\/?s={search_term_string}\"},\"query-input\":{\"@type\":\"PropertyValueSpecification\",\"valueRequired\":true,\"valueName\":\"search_term_string\"}}],\"inLanguage\":\"en-US\"},{\"@type\":\"Organization\",\"@id\":\"https:\\\/\\\/juhaszbrotherswinery.hu\\\/en\\\/#organization\",\"name\":\"Juh\u00e1sz Webshop\",\"url\":\"https:\\\/\\\/juhaszbrotherswinery.hu\\\/en\\\/\",\"logo\":{\"@type\":\"ImageObject\",\"inLanguage\":\"en-US\",\"@id\":\"https:\\\/\\\/juhaszbrotherswinery.hu\\\/en\\\/#\\\/schema\\\/logo\\\/image\\\/\",\"url\":\"https:\\\/\\\/juhaszbrotherswinery.hu\\\/wp-content\\\/uploads\\\/2026\\\/01\\\/cropped-juhasz_logo_30.png\",\"contentUrl\":\"https:\\\/\\\/juhaszbrotherswinery.hu\\\/wp-content\\\/uploads\\\/2026\\\/01\\\/cropped-juhasz_logo_30.png\",\"width\":460,\"height\":213,\"caption\":\"Juh\u00e1sz Webshop\"},\"image\":{\"@id\":\"https:\\\/\\\/juhaszbrotherswinery.hu\\\/en\\\/#\\\/schema\\\/logo\\\/image\\\/\"},\"sameAs\":[\"https:\\\/\\\/www.facebook.com\\\/juhasztestverek\",\"https:\\\/\\\/www.instagram.com\\\/juhasztestverekpinceszete\\\/\"]}]}<\/script>\n<!-- \/ Yoast SEO plugin. -->","yoast_head_json":{"title":"Juh\u00e1sz V\u00e9gtelen Egri Cuv\u00e9e Grand Superior 2022","description":"Juh\u00e1sz V\u00e9gtelen comes from the finest parcels of two exceptional vineyards with volcanic riolittuff soils \u2014 Geszteny\u00e9s and \u00d6reghegy.","robots":{"index":"index","follow":"follow","max-snippet":"max-snippet:-1","max-image-preview":"max-image-preview:large","max-video-preview":"max-video-preview:-1"},"canonical":"https:\/\/juhaszbrotherswinery.hu\/en\/product\/juhasz-vegtelen-egri-cuvee-grand-superior-2022\/","og_locale":"en_US","og_type":"article","og_title":"Juh\u00e1sz V\u00e9gtelen Egri Cuv\u00e9e Grand Superior 2022","og_description":"Juh\u00e1sz V\u00e9gtelen comes from the finest parcels of two exceptional vineyards with volcanic riolittuff soils \u2014 Geszteny\u00e9s and \u00d6reghegy.","og_url":"https:\/\/juhaszbrotherswinery.hu\/en\/product\/juhasz-vegtelen-egri-cuvee-grand-superior-2022\/","og_site_name":"Juh\u00e1sz Webshop","article_publisher":"https:\/\/www.facebook.com\/juhasztestverek","article_modified_time":"2025-12-16T13:14:57+00:00","og_image":[{"width":2000,"height":2000,"url":"https:\/\/juhaszbrotherswinery.hu\/wp-content\/uploads\/2023\/11\/Juhasz-Vegtelen-Egri-Cuvee-Grand-Superior-2022.jpg","type":"image\/jpeg"}],"twitter_card":"summary_large_image","twitter_misc":{"Est. reading time":"1 minute"},"schema":{"@context":"https:\/\/schema.org","@graph":[{"@type":"WebPage","@id":"https:\/\/juhaszbrotherswinery.hu\/en\/product\/juhasz-vegtelen-egri-cuvee-grand-superior-2022\/","url":"https:\/\/juhaszbrotherswinery.hu\/en\/product\/juhasz-vegtelen-egri-cuvee-grand-superior-2022\/","name":"Juh\u00e1sz V\u00e9gtelen Egri Cuv\u00e9e Grand Superior 2022","isPartOf":{"@id":"https:\/\/juhaszbrotherswinery.hu\/en\/#website"},"primaryImageOfPage":{"@id":"https:\/\/juhaszbrotherswinery.hu\/en\/product\/juhasz-vegtelen-egri-cuvee-grand-superior-2022\/#primaryimage"},"image":{"@id":"https:\/\/juhaszbrotherswinery.hu\/en\/product\/juhasz-vegtelen-egri-cuvee-grand-superior-2022\/#primaryimage"},"thumbnailUrl":"https:\/\/juhaszbrotherswinery.hu\/wp-content\/uploads\/2023\/11\/Juhasz-Vegtelen-Egri-Cuvee-Grand-Superior-2022.jpg","datePublished":"2023-11-27T13:27:34+00:00","dateModified":"2025-12-16T13:14:57+00:00","description":"Juh\u00e1sz V\u00e9gtelen comes from the finest parcels of two exceptional vineyards with volcanic riolittuff soils \u2014 Geszteny\u00e9s and \u00d6reghegy.","breadcrumb":{"@id":"https:\/\/juhaszbrotherswinery.hu\/en\/product\/juhasz-vegtelen-egri-cuvee-grand-superior-2022\/#breadcrumb"},"inLanguage":"en-US","potentialAction":[{"@type":"ReadAction","target":["https:\/\/juhaszbrotherswinery.hu\/en\/product\/juhasz-vegtelen-egri-cuvee-grand-superior-2022\/"]}]},{"@type":"ImageObject","inLanguage":"en-US","@id":"https:\/\/juhaszbrotherswinery.hu\/en\/product\/juhasz-vegtelen-egri-cuvee-grand-superior-2022\/#primaryimage","url":"https:\/\/juhaszbrotherswinery.hu\/wp-content\/uploads\/2023\/11\/Juhasz-Vegtelen-Egri-Cuvee-Grand-Superior-2022.jpg","contentUrl":"https:\/\/juhaszbrotherswinery.hu\/wp-content\/uploads\/2023\/11\/Juhasz-Vegtelen-Egri-Cuvee-Grand-Superior-2022.jpg","width":2000,"height":2000},{"@type":"BreadcrumbList","@id":"https:\/\/juhaszbrotherswinery.hu\/en\/product\/juhasz-vegtelen-egri-cuvee-grand-superior-2022\/#breadcrumb","itemListElement":[{"@type":"ListItem","position":1,"name":"Kezd\u0151lap","item":"https:\/\/juhaszbrotherswinery.hu\/en\/"},{"@type":"ListItem","position":2,"name":"Shop","item":"https:\/\/juhaszbrotherswinery.hu\/en\/shop\/"},{"@type":"ListItem","position":3,"name":"Juh\u00e1sz V\u00e9gtelen Egri Cuv\u00e9e Grand Superior 2022"}]},{"@type":"WebSite","@id":"https:\/\/juhaszbrotherswinery.hu\/en\/#website","url":"https:\/\/juhaszbrotherswinery.hu\/en\/","name":"Juh\u00e1sz Webshop","description":"T\u00f6rt\u00e9net\u00fcnk palackr\u00f3l palackra.","publisher":{"@id":"https:\/\/juhaszbrotherswinery.hu\/en\/#organization"},"potentialAction":[{"@type":"SearchAction","target":{"@type":"EntryPoint","urlTemplate":"https:\/\/juhaszbrotherswinery.hu\/en\/?s={search_term_string}"},"query-input":{"@type":"PropertyValueSpecification","valueRequired":true,"valueName":"search_term_string"}}],"inLanguage":"en-US"},{"@type":"Organization","@id":"https:\/\/juhaszbrotherswinery.hu\/en\/#organization","name":"Juh\u00e1sz Webshop","url":"https:\/\/juhaszbrotherswinery.hu\/en\/","logo":{"@type":"ImageObject","inLanguage":"en-US","@id":"https:\/\/juhaszbrotherswinery.hu\/en\/#\/schema\/logo\/image\/","url":"https:\/\/juhaszbrotherswinery.hu\/wp-content\/uploads\/2026\/01\/cropped-juhasz_logo_30.png","contentUrl":"https:\/\/juhaszbrotherswinery.hu\/wp-content\/uploads\/2026\/01\/cropped-juhasz_logo_30.png","width":460,"height":213,"caption":"Juh\u00e1sz Webshop"},"image":{"@id":"https:\/\/juhaszbrotherswinery.hu\/en\/#\/schema\/logo\/image\/"},"sameAs":["https:\/\/www.facebook.com\/juhasztestverek","https:\/\/www.instagram.com\/juhasztestverekpinceszete\/"]}]}},"jetpack_sharing_enabled":true,"_links":{"self":[{"href":"https:\/\/juhaszbrotherswinery.hu\/en\/wp-json\/wp\/v2\/product\/7656","targetHints":{"allow":["GET"]}}],"collection":[{"href":"https:\/\/juhaszbrotherswinery.hu\/en\/wp-json\/wp\/v2\/product"}],"about":[{"href":"https:\/\/juhaszbrotherswinery.hu\/en\/wp-json\/wp\/v2\/types\/product"}],"wp:featuredmedia":[{"embeddable":true,"href":"https:\/\/juhaszbrotherswinery.hu\/en\/wp-json\/wp\/v2\/media\/6671"}],"wp:attachment":[{"href":"https:\/\/juhaszbrotherswinery.hu\/en\/wp-json\/wp\/v2\/media?parent=7656"}],"wp:term":[{"taxonomy":"product_brand","embeddable":true,"href":"https:\/\/juhaszbrotherswinery.hu\/en\/wp-json\/wp\/v2\/product_brand?post=7656"},{"taxonomy":"product_cat","embeddable":true,"href":"https:\/\/juhaszbrotherswinery.hu\/en\/wp-json\/wp\/v2\/product_cat?post=7656"},{"taxonomy":"product_tag","embeddable":true,"href":"https:\/\/juhaszbrotherswinery.hu\/en\/wp-json\/wp\/v2\/product_tag?post=7656"}],"curies":[{"name":"wp","href":"https:\/\/api.w.org\/{rel}","templated":true}]}}