{"id":7636,"date":"2023-02-22T12:27:52","date_gmt":"2023-02-22T11:27:52","guid":{"rendered":"https:\/\/juhaszbrotherswinery.hu\/termek\/egri-bikaver-superior-premium-selection-2022\/"},"modified":"2025-12-18T10:22:52","modified_gmt":"2025-12-18T09:22:52","slug":"egri-bikaver-superior-premium-selection-2022","status":"publish","type":"product","link":"https:\/\/juhaszbrotherswinery.hu\/en\/product\/egri-bikaver-superior-premium-selection-2022\/","title":{"rendered":"Egri Bikav\u00e9r Superior Pr\u00e9mium Selection 2022"},"content":{"rendered":"","protected":false},"excerpt":{"rendered":"<p>Bottle price: <strong>2.750 Ft<\/strong><br \/>\nCase Price: <strong>12.500 Ft<\/strong> means 6 x <strong>2.083 Ft<\/strong><\/p>\n<p data-start=\"296\" data-end=\"589\">\u00c1d\u00e1m\u2019s iconic blend, reinterpreting the key traditions of the Bikav\u00e9r style with modern precision. The 2022 vintage is crafted exclusively from hand-harvested, carefully selected grape varieties of both Carpathian Basin origin and international cultivars, brought together in seamless harmony.<\/p>\n<p data-start=\"591\" data-end=\"1021\">The nose is rich and concentrated, revealing notes of sour cherry, dried plum, vanilla and sweet spices, complemented by finely integrated smoky, tobacco nuances and roasted coffee. The palate is layered, vibrant and well-balanced, with ripe tannins, firm yet restrained acidity, and a long, persistent finish. A full-bodied yet elegant red wine, where fruit expression, oak influence and ageing potential are perfectly aligned.<\/p>\n<p data-start=\"1023\" data-end=\"1184\" data-is-last-node=\"\" data-is-only-node=\"\"><strong data-start=\"100\" data-end=\"111\">Awards:<\/strong><br data-start=\"111\" data-end=\"114\" \/>Gold Medal \u2013 Danube Wine Challenge 2025 (International Wine Competition)<br data-start=\"186\" data-end=\"189\" \/>Bronze Medal \u2013 Decanter World Wine Awards 2024<br data-start=\"235\" data-end=\"238\" \/>Gold Medal \u2013 National Wine Competition of Hungary 2024<\/p>\n","protected":false},"featured_media":8113,"template":"","meta":{"site-sidebar-layout":"default","site-content-layout":"","ast-site-content-layout":"default","site-content-style":"default","site-sidebar-style":"default","ast-global-header-display":"","ast-banner-title-visibility":"","ast-main-header-display":"","ast-hfb-above-header-display":"","ast-hfb-below-header-display":"","ast-hfb-mobile-header-display":"","site-post-title":"","ast-breadcrumbs-content":"","ast-featured-img":"","footer-sml-layout":"","ast-disable-related-posts":"","theme-transparent-header-meta":"default","adv-header-id-meta":"","stick-header-meta":"","header-above-stick-meta":"","header-main-stick-meta":"","header-below-stick-meta":"","astra-migrate-meta-layouts":"set","ast-page-background-enabled":"default","ast-page-background-meta":{"desktop":{"background-color":"var(--ast-global-color-5)","background-image":"","background-repeat":"repeat","background-position":"center center","background-size":"auto","background-attachment":"scroll","background-type":"","background-media":"","overlay-type":"","overlay-color":"","overlay-opacity":"","overlay-gradient":""},"tablet":{"background-color":"","background-image":"","background-repeat":"repeat","background-position":"center center","background-size":"auto","background-attachment":"scroll","background-type":"","background-media":"","overlay-type":"","overlay-color":"","overlay-opacity":"","overlay-gradient":""},"mobile":{"background-color":"","background-image":"","background-repeat":"repeat","background-position":"center center","background-size":"auto","background-attachment":"scroll","background-type":"","background-media":"","overlay-type":"","overlay-color":"","overlay-opacity":"","overlay-gradient":""}},"ast-content-background-meta":{"desktop":{"background-color":"var(--ast-global-color-4)","background-image":"","background-repeat":"repeat","background-position":"center center","background-size":"auto","background-attachment":"scroll","background-type":"","background-media":"","overlay-type":"","overlay-color":"","overlay-opacity":"","overlay-gradient":""},"tablet":{"background-color":"var(--ast-global-color-4)","background-image":"","background-repeat":"repeat","background-position":"center center","background-size":"auto","background-attachment":"scroll","background-type":"","background-media":"","overlay-type":"","overlay-color":"","overlay-opacity":"","overlay-gradient":""},"mobile":{"background-color":"var(--ast-global-color-4)","background-image":"","background-repeat":"repeat","background-position":"center center","background-size":"auto","background-attachment":"scroll","background-type":"","background-media":"","overlay-type":"","overlay-color":"","overlay-opacity":"","overlay-gradient":""}}},"product_brand":[],"product_cat":[133,140,129,137,143,139],"product_tag":[],"class_list":{"0":"post-7636","1":"product","2":"type-product","3":"status-publish","4":"has-post-thumbnail","6":"product_cat-drs","7":"product_cat-dry","8":"product_cat-gold-medalist","9":"product_cat-premium","10":"product_cat-red","11":"product_cat-superior","12":"pa_alkohol-180","13":"pa_borkeszites-hagyomanyos-borkeszites","14":"pa_evjarat-181","15":"pa_jelleg-szaraz","16":"pa_kategoria-premium","17":"pa_kiszereles-bottle-750-ml","18":"pa_kiszereles-carton-6-x-750-ml","19":"pa_szin-voros","20":"pa_szolofajta-cabernet-franc","21":"pa_szolofajta-cabernet-sauvignon","22":"pa_szolofajta-kekfrankos","23":"pa_szolofajta-merlot","24":"pa_szolofajta-syrah","25":"desktop-align-center","26":"tablet-align-left","27":"mobile-align-left","29":"first","30":"instock","31":"taxable","32":"shipping-taxable","33":"purchasable","34":"product-type-variable"},"yoast_head":"<!-- This site is optimized with the Yoast SEO plugin v27.3 - https:\/\/yoast.com\/product\/yoast-seo-wordpress\/ -->\n<title>Egri Bikav\u00e9r Superior Pr\u00e9mium Selection 2022<\/title>\n<meta name=\"description\" content=\"The nose is rich and concentrated, revealing notes of sour cherry, dried plum, vanilla and sweet spices, complemented by finely integrated smoky ...\" \/>\n<meta name=\"robots\" content=\"index, follow, max-snippet:-1, max-image-preview:large, max-video-preview:-1\" \/>\n<link rel=\"canonical\" href=\"https:\/\/juhaszbrotherswinery.hu\/en\/product\/egri-bikaver-superior-premium-selection-2022\/\" \/>\n<meta property=\"og:locale\" content=\"en_US\" \/>\n<meta property=\"og:type\" content=\"article\" \/>\n<meta property=\"og:title\" content=\"Egri Bikav\u00e9r Superior Pr\u00e9mium Selection 2022\" \/>\n<meta property=\"og:description\" content=\"The nose is rich and concentrated, revealing notes of sour cherry, dried plum, vanilla and sweet spices, complemented by finely integrated smoky ...\" \/>\n<meta property=\"og:url\" content=\"https:\/\/juhaszbrotherswinery.hu\/en\/product\/egri-bikaver-superior-premium-selection-2022\/\" \/>\n<meta property=\"og:site_name\" content=\"Juh\u00e1sz Webshop\" \/>\n<meta property=\"article:publisher\" content=\"https:\/\/www.facebook.com\/juhasztestverek\" \/>\n<meta property=\"article:modified_time\" content=\"2025-12-18T09:22:52+00:00\" \/>\n<meta property=\"og:image\" content=\"https:\/\/juhaszbrotherswinery.hu\/wp-content\/uploads\/2023\/02\/Egri-Bikaver-Superior-Premium-Selection-2022-1.jpg\" \/>\n\t<meta property=\"og:image:width\" content=\"2000\" \/>\n\t<meta property=\"og:image:height\" content=\"2000\" \/>\n\t<meta property=\"og:image:type\" content=\"image\/jpeg\" \/>\n<meta name=\"twitter:card\" content=\"summary_large_image\" \/>\n<meta name=\"twitter:label1\" content=\"Est. reading time\" \/>\n\t<meta name=\"twitter:data1\" content=\"1 minute\" \/>\n<script type=\"application\/ld+json\" class=\"yoast-schema-graph\">{\"@context\":\"https:\\\/\\\/schema.org\",\"@graph\":[{\"@type\":\"WebPage\",\"@id\":\"https:\\\/\\\/juhaszbrotherswinery.hu\\\/en\\\/product\\\/egri-bikaver-superior-premium-selection-2022\\\/\",\"url\":\"https:\\\/\\\/juhaszbrotherswinery.hu\\\/en\\\/product\\\/egri-bikaver-superior-premium-selection-2022\\\/\",\"name\":\"Egri Bikav\u00e9r Superior Pr\u00e9mium Selection 2022\",\"isPartOf\":{\"@id\":\"https:\\\/\\\/juhaszbrotherswinery.hu\\\/en\\\/#website\"},\"primaryImageOfPage\":{\"@id\":\"https:\\\/\\\/juhaszbrotherswinery.hu\\\/en\\\/product\\\/egri-bikaver-superior-premium-selection-2022\\\/#primaryimage\"},\"image\":{\"@id\":\"https:\\\/\\\/juhaszbrotherswinery.hu\\\/en\\\/product\\\/egri-bikaver-superior-premium-selection-2022\\\/#primaryimage\"},\"thumbnailUrl\":\"https:\\\/\\\/juhaszbrotherswinery.hu\\\/wp-content\\\/uploads\\\/2023\\\/02\\\/Egri-Bikaver-Superior-Premium-Selection-2022-1.jpg\",\"datePublished\":\"2023-02-22T11:27:52+00:00\",\"dateModified\":\"2025-12-18T09:22:52+00:00\",\"description\":\"The nose is rich and concentrated, revealing notes of sour cherry, dried plum, vanilla and sweet spices, complemented by finely integrated smoky ...\",\"breadcrumb\":{\"@id\":\"https:\\\/\\\/juhaszbrotherswinery.hu\\\/en\\\/product\\\/egri-bikaver-superior-premium-selection-2022\\\/#breadcrumb\"},\"inLanguage\":\"en-US\",\"potentialAction\":[{\"@type\":\"ReadAction\",\"target\":[\"https:\\\/\\\/juhaszbrotherswinery.hu\\\/en\\\/product\\\/egri-bikaver-superior-premium-selection-2022\\\/\"]}]},{\"@type\":\"ImageObject\",\"inLanguage\":\"en-US\",\"@id\":\"https:\\\/\\\/juhaszbrotherswinery.hu\\\/en\\\/product\\\/egri-bikaver-superior-premium-selection-2022\\\/#primaryimage\",\"url\":\"https:\\\/\\\/juhaszbrotherswinery.hu\\\/wp-content\\\/uploads\\\/2023\\\/02\\\/Egri-Bikaver-Superior-Premium-Selection-2022-1.jpg\",\"contentUrl\":\"https:\\\/\\\/juhaszbrotherswinery.hu\\\/wp-content\\\/uploads\\\/2023\\\/02\\\/Egri-Bikaver-Superior-Premium-Selection-2022-1.jpg\",\"width\":2000,\"height\":2000},{\"@type\":\"BreadcrumbList\",\"@id\":\"https:\\\/\\\/juhaszbrotherswinery.hu\\\/en\\\/product\\\/egri-bikaver-superior-premium-selection-2022\\\/#breadcrumb\",\"itemListElement\":[{\"@type\":\"ListItem\",\"position\":1,\"name\":\"Kezd\u0151lap\",\"item\":\"https:\\\/\\\/juhaszbrotherswinery.hu\\\/en\\\/\"},{\"@type\":\"ListItem\",\"position\":2,\"name\":\"Shop\",\"item\":\"https:\\\/\\\/juhaszbrotherswinery.hu\\\/en\\\/shop\\\/\"},{\"@type\":\"ListItem\",\"position\":3,\"name\":\"Egri Bikav\u00e9r Superior Pr\u00e9mium Selection 2022\"}]},{\"@type\":\"WebSite\",\"@id\":\"https:\\\/\\\/juhaszbrotherswinery.hu\\\/en\\\/#website\",\"url\":\"https:\\\/\\\/juhaszbrotherswinery.hu\\\/en\\\/\",\"name\":\"Juh\u00e1sz Webshop\",\"description\":\"T\u00f6rt\u00e9net\u00fcnk palackr\u00f3l palackra.\",\"publisher\":{\"@id\":\"https:\\\/\\\/juhaszbrotherswinery.hu\\\/en\\\/#organization\"},\"potentialAction\":[{\"@type\":\"SearchAction\",\"target\":{\"@type\":\"EntryPoint\",\"urlTemplate\":\"https:\\\/\\\/juhaszbrotherswinery.hu\\\/en\\\/?s={search_term_string}\"},\"query-input\":{\"@type\":\"PropertyValueSpecification\",\"valueRequired\":true,\"valueName\":\"search_term_string\"}}],\"inLanguage\":\"en-US\"},{\"@type\":\"Organization\",\"@id\":\"https:\\\/\\\/juhaszbrotherswinery.hu\\\/en\\\/#organization\",\"name\":\"Juh\u00e1sz Webshop\",\"url\":\"https:\\\/\\\/juhaszbrotherswinery.hu\\\/en\\\/\",\"logo\":{\"@type\":\"ImageObject\",\"inLanguage\":\"en-US\",\"@id\":\"https:\\\/\\\/juhaszbrotherswinery.hu\\\/en\\\/#\\\/schema\\\/logo\\\/image\\\/\",\"url\":\"https:\\\/\\\/juhaszbrotherswinery.hu\\\/wp-content\\\/uploads\\\/2026\\\/01\\\/cropped-juhasz_logo_30.png\",\"contentUrl\":\"https:\\\/\\\/juhaszbrotherswinery.hu\\\/wp-content\\\/uploads\\\/2026\\\/01\\\/cropped-juhasz_logo_30.png\",\"width\":460,\"height\":213,\"caption\":\"Juh\u00e1sz Webshop\"},\"image\":{\"@id\":\"https:\\\/\\\/juhaszbrotherswinery.hu\\\/en\\\/#\\\/schema\\\/logo\\\/image\\\/\"},\"sameAs\":[\"https:\\\/\\\/www.facebook.com\\\/juhasztestverek\",\"https:\\\/\\\/www.instagram.com\\\/juhasztestverekpinceszete\\\/\"]}]}<\/script>\n<!-- \/ Yoast SEO plugin. -->","yoast_head_json":{"title":"Egri Bikav\u00e9r Superior Pr\u00e9mium Selection 2022","description":"The nose is rich and concentrated, revealing notes of sour cherry, dried plum, vanilla and sweet spices, complemented by finely integrated smoky ...","robots":{"index":"index","follow":"follow","max-snippet":"max-snippet:-1","max-image-preview":"max-image-preview:large","max-video-preview":"max-video-preview:-1"},"canonical":"https:\/\/juhaszbrotherswinery.hu\/en\/product\/egri-bikaver-superior-premium-selection-2022\/","og_locale":"en_US","og_type":"article","og_title":"Egri Bikav\u00e9r Superior Pr\u00e9mium Selection 2022","og_description":"The nose is rich and concentrated, revealing notes of sour cherry, dried plum, vanilla and sweet spices, complemented by finely integrated smoky ...","og_url":"https:\/\/juhaszbrotherswinery.hu\/en\/product\/egri-bikaver-superior-premium-selection-2022\/","og_site_name":"Juh\u00e1sz Webshop","article_publisher":"https:\/\/www.facebook.com\/juhasztestverek","article_modified_time":"2025-12-18T09:22:52+00:00","og_image":[{"width":2000,"height":2000,"url":"https:\/\/juhaszbrotherswinery.hu\/wp-content\/uploads\/2023\/02\/Egri-Bikaver-Superior-Premium-Selection-2022-1.jpg","type":"image\/jpeg"}],"twitter_card":"summary_large_image","twitter_misc":{"Est. reading time":"1 minute"},"schema":{"@context":"https:\/\/schema.org","@graph":[{"@type":"WebPage","@id":"https:\/\/juhaszbrotherswinery.hu\/en\/product\/egri-bikaver-superior-premium-selection-2022\/","url":"https:\/\/juhaszbrotherswinery.hu\/en\/product\/egri-bikaver-superior-premium-selection-2022\/","name":"Egri Bikav\u00e9r Superior Pr\u00e9mium Selection 2022","isPartOf":{"@id":"https:\/\/juhaszbrotherswinery.hu\/en\/#website"},"primaryImageOfPage":{"@id":"https:\/\/juhaszbrotherswinery.hu\/en\/product\/egri-bikaver-superior-premium-selection-2022\/#primaryimage"},"image":{"@id":"https:\/\/juhaszbrotherswinery.hu\/en\/product\/egri-bikaver-superior-premium-selection-2022\/#primaryimage"},"thumbnailUrl":"https:\/\/juhaszbrotherswinery.hu\/wp-content\/uploads\/2023\/02\/Egri-Bikaver-Superior-Premium-Selection-2022-1.jpg","datePublished":"2023-02-22T11:27:52+00:00","dateModified":"2025-12-18T09:22:52+00:00","description":"The nose is rich and concentrated, revealing notes of sour cherry, dried plum, vanilla and sweet spices, complemented by finely integrated smoky ...","breadcrumb":{"@id":"https:\/\/juhaszbrotherswinery.hu\/en\/product\/egri-bikaver-superior-premium-selection-2022\/#breadcrumb"},"inLanguage":"en-US","potentialAction":[{"@type":"ReadAction","target":["https:\/\/juhaszbrotherswinery.hu\/en\/product\/egri-bikaver-superior-premium-selection-2022\/"]}]},{"@type":"ImageObject","inLanguage":"en-US","@id":"https:\/\/juhaszbrotherswinery.hu\/en\/product\/egri-bikaver-superior-premium-selection-2022\/#primaryimage","url":"https:\/\/juhaszbrotherswinery.hu\/wp-content\/uploads\/2023\/02\/Egri-Bikaver-Superior-Premium-Selection-2022-1.jpg","contentUrl":"https:\/\/juhaszbrotherswinery.hu\/wp-content\/uploads\/2023\/02\/Egri-Bikaver-Superior-Premium-Selection-2022-1.jpg","width":2000,"height":2000},{"@type":"BreadcrumbList","@id":"https:\/\/juhaszbrotherswinery.hu\/en\/product\/egri-bikaver-superior-premium-selection-2022\/#breadcrumb","itemListElement":[{"@type":"ListItem","position":1,"name":"Kezd\u0151lap","item":"https:\/\/juhaszbrotherswinery.hu\/en\/"},{"@type":"ListItem","position":2,"name":"Shop","item":"https:\/\/juhaszbrotherswinery.hu\/en\/shop\/"},{"@type":"ListItem","position":3,"name":"Egri Bikav\u00e9r Superior Pr\u00e9mium Selection 2022"}]},{"@type":"WebSite","@id":"https:\/\/juhaszbrotherswinery.hu\/en\/#website","url":"https:\/\/juhaszbrotherswinery.hu\/en\/","name":"Juh\u00e1sz Webshop","description":"T\u00f6rt\u00e9net\u00fcnk palackr\u00f3l palackra.","publisher":{"@id":"https:\/\/juhaszbrotherswinery.hu\/en\/#organization"},"potentialAction":[{"@type":"SearchAction","target":{"@type":"EntryPoint","urlTemplate":"https:\/\/juhaszbrotherswinery.hu\/en\/?s={search_term_string}"},"query-input":{"@type":"PropertyValueSpecification","valueRequired":true,"valueName":"search_term_string"}}],"inLanguage":"en-US"},{"@type":"Organization","@id":"https:\/\/juhaszbrotherswinery.hu\/en\/#organization","name":"Juh\u00e1sz Webshop","url":"https:\/\/juhaszbrotherswinery.hu\/en\/","logo":{"@type":"ImageObject","inLanguage":"en-US","@id":"https:\/\/juhaszbrotherswinery.hu\/en\/#\/schema\/logo\/image\/","url":"https:\/\/juhaszbrotherswinery.hu\/wp-content\/uploads\/2026\/01\/cropped-juhasz_logo_30.png","contentUrl":"https:\/\/juhaszbrotherswinery.hu\/wp-content\/uploads\/2026\/01\/cropped-juhasz_logo_30.png","width":460,"height":213,"caption":"Juh\u00e1sz Webshop"},"image":{"@id":"https:\/\/juhaszbrotherswinery.hu\/en\/#\/schema\/logo\/image\/"},"sameAs":["https:\/\/www.facebook.com\/juhasztestverek","https:\/\/www.instagram.com\/juhasztestverekpinceszete\/"]}]}},"jetpack_sharing_enabled":true,"_links":{"self":[{"href":"https:\/\/juhaszbrotherswinery.hu\/en\/wp-json\/wp\/v2\/product\/7636","targetHints":{"allow":["GET"]}}],"collection":[{"href":"https:\/\/juhaszbrotherswinery.hu\/en\/wp-json\/wp\/v2\/product"}],"about":[{"href":"https:\/\/juhaszbrotherswinery.hu\/en\/wp-json\/wp\/v2\/types\/product"}],"wp:featuredmedia":[{"embeddable":true,"href":"https:\/\/juhaszbrotherswinery.hu\/en\/wp-json\/wp\/v2\/media\/8113"}],"wp:attachment":[{"href":"https:\/\/juhaszbrotherswinery.hu\/en\/wp-json\/wp\/v2\/media?parent=7636"}],"wp:term":[{"taxonomy":"product_brand","embeddable":true,"href":"https:\/\/juhaszbrotherswinery.hu\/en\/wp-json\/wp\/v2\/product_brand?post=7636"},{"taxonomy":"product_cat","embeddable":true,"href":"https:\/\/juhaszbrotherswinery.hu\/en\/wp-json\/wp\/v2\/product_cat?post=7636"},{"taxonomy":"product_tag","embeddable":true,"href":"https:\/\/juhaszbrotherswinery.hu\/en\/wp-json\/wp\/v2\/product_tag?post=7636"}],"curies":[{"name":"wp","href":"https:\/\/api.w.org\/{rel}","templated":true}]}}