{"id":7597,"date":"2023-02-22T11:40:23","date_gmt":"2023-02-22T10:40:23","guid":{"rendered":"https:\/\/juhaszbrotherswinery.hu\/termek\/juhasz-muscat-ottonel-feledes-2024\/"},"modified":"2025-12-16T13:20:36","modified_gmt":"2025-12-16T12:20:36","slug":"juhasz-muscat-ottonel-semi-sweet-2024","status":"publish","type":"product","link":"https:\/\/juhaszbrotherswinery.hu\/en\/product\/juhasz-muscat-ottonel-semi-sweet-2024\/","title":{"rendered":"Juh\u00e1sz Muscat Ottonel semi-sweet 2024"},"content":{"rendered":"","protected":false},"excerpt":{"rendered":"<p>Bottle price: <strong>1.450 Ft<\/strong><br \/>\nCase price: <strong>7.200 Ft<\/strong> means 6 x <strong>1.200 Ft<\/strong><\/p>\n<p>On the nose, the freshness of spring flowers is immediately apparent, with notes of jasmine, elderflower and a subtle hint of Williams pear. The palate is generous yet finely balanced: there is a touch of sweetness, just enough to remain elegant, while delicate acidity keeps the wine lively and invites the next sip. A glass on its own is the perfect way to wind down at the end of the day. For a touch of indulgence, pair it with lemon balm ricotta desserts, cr\u00e8me br\u00fbl\u00e9e or caramel-lemon cheesecake.<\/p>\n","protected":false},"featured_media":8120,"template":"","meta":{"site-sidebar-layout":"default","site-content-layout":"","ast-site-content-layout":"default","site-content-style":"default","site-sidebar-style":"default","ast-global-header-display":"","ast-banner-title-visibility":"","ast-main-header-display":"","ast-hfb-above-header-display":"","ast-hfb-below-header-display":"","ast-hfb-mobile-header-display":"","site-post-title":"","ast-breadcrumbs-content":"","ast-featured-img":"","footer-sml-layout":"","ast-disable-related-posts":"","theme-transparent-header-meta":"default","adv-header-id-meta":"","stick-header-meta":"","header-above-stick-meta":"","header-main-stick-meta":"","header-below-stick-meta":"","astra-migrate-meta-layouts":"set","ast-page-background-enabled":"default","ast-page-background-meta":{"desktop":{"background-color":"var(--ast-global-color-5)","background-image":"","background-repeat":"repeat","background-position":"center center","background-size":"auto","background-attachment":"scroll","background-type":"","background-media":"","overlay-type":"","overlay-color":"","overlay-opacity":"","overlay-gradient":""},"tablet":{"background-color":"","background-image":"","background-repeat":"repeat","background-position":"center center","background-size":"auto","background-attachment":"scroll","background-type":"","background-media":"","overlay-type":"","overlay-color":"","overlay-opacity":"","overlay-gradient":""},"mobile":{"background-color":"","background-image":"","background-repeat":"repeat","background-position":"center center","background-size":"auto","background-attachment":"scroll","background-type":"","background-media":"","overlay-type":"","overlay-color":"","overlay-opacity":"","overlay-gradient":""}},"ast-content-background-meta":{"desktop":{"background-color":"var(--ast-global-color-4)","background-image":"","background-repeat":"repeat","background-position":"center center","background-size":"auto","background-attachment":"scroll","background-type":"","background-media":"","overlay-type":"","overlay-color":"","overlay-opacity":"","overlay-gradient":""},"tablet":{"background-color":"var(--ast-global-color-4)","background-image":"","background-repeat":"repeat","background-position":"center center","background-size":"auto","background-attachment":"scroll","background-type":"","background-media":"","overlay-type":"","overlay-color":"","overlay-opacity":"","overlay-gradient":""},"mobile":{"background-color":"var(--ast-global-color-4)","background-image":"","background-repeat":"repeat","background-position":"center center","background-size":"auto","background-attachment":"scroll","background-type":"","background-media":"","overlay-type":"","overlay-color":"","overlay-opacity":"","overlay-gradient":""}}},"product_brand":[],"product_cat":[133,130,134,124],"product_tag":[],"class_list":{"0":"post-7597","1":"product","2":"type-product","3":"status-publish","4":"has-post-thumbnail","6":"product_cat-drs","7":"product_cat-estate","8":"product_cat-semi-sweet","9":"product_cat-white","10":"pa_alkohol-146","11":"pa_borkeszites-reduktiv-borkeszites","12":"pa_evjarat-148","13":"pa_jelleg-feledes","14":"pa_kategoria-birtok","15":"pa_kiszereles-bottle-750-ml","16":"pa_kiszereles-carton-6-x-750-ml","17":"pa_szin-feher","18":"pa_szolofajta-cserszegi-fuszeres","19":"pa_szolofajta-ottonel-muskotaly","20":"desktop-align-center","21":"tablet-align-left","22":"mobile-align-left","24":"first","25":"instock","26":"taxable","27":"shipping-taxable","28":"purchasable","29":"product-type-variable"},"yoast_head":"<!-- This site is optimized with the Yoast SEO plugin v27.3 - https:\/\/yoast.com\/product\/yoast-seo-wordpress\/ -->\n<title>Juh\u00e1sz Muscat Ottonel semi-sweet 2024<\/title>\n<meta name=\"description\" content=\"On the nose, the freshness of spring flowers is immediately apparent, with notes of jasmine, elderflower and a subtle hint of Williams pear.\" \/>\n<meta name=\"robots\" content=\"index, follow, max-snippet:-1, max-image-preview:large, max-video-preview:-1\" \/>\n<link rel=\"canonical\" href=\"https:\/\/juhaszbrotherswinery.hu\/en\/product\/juhasz-muscat-ottonel-semi-sweet-2024\/\" \/>\n<meta property=\"og:locale\" content=\"en_US\" \/>\n<meta property=\"og:type\" content=\"article\" \/>\n<meta property=\"og:title\" content=\"Juh\u00e1sz Muscat Ottonel semi-sweet 2024\" \/>\n<meta property=\"og:description\" content=\"On the nose, the freshness of spring flowers is immediately apparent, with notes of jasmine, elderflower and a subtle hint of Williams pear.\" \/>\n<meta property=\"og:url\" content=\"https:\/\/juhaszbrotherswinery.hu\/en\/product\/juhasz-muscat-ottonel-semi-sweet-2024\/\" \/>\n<meta property=\"og:site_name\" content=\"Juh\u00e1sz Webshop\" \/>\n<meta property=\"article:publisher\" content=\"https:\/\/www.facebook.com\/juhasztestverek\" \/>\n<meta property=\"article:modified_time\" content=\"2025-12-16T12:20:36+00:00\" \/>\n<meta property=\"og:image\" content=\"https:\/\/juhaszbrotherswinery.hu\/wp-content\/uploads\/2023\/02\/Juhasz-Muscat-Ottonel-feledes-2024.jpg\" \/>\n\t<meta property=\"og:image:width\" content=\"2000\" \/>\n\t<meta property=\"og:image:height\" content=\"2000\" \/>\n\t<meta property=\"og:image:type\" content=\"image\/jpeg\" \/>\n<meta name=\"twitter:card\" content=\"summary_large_image\" \/>\n<meta name=\"twitter:label1\" content=\"Est. reading time\" \/>\n\t<meta name=\"twitter:data1\" content=\"1 minute\" \/>\n<script type=\"application\/ld+json\" class=\"yoast-schema-graph\">{\"@context\":\"https:\\\/\\\/schema.org\",\"@graph\":[{\"@type\":\"WebPage\",\"@id\":\"https:\\\/\\\/juhaszbrotherswinery.hu\\\/en\\\/product\\\/juhasz-muscat-ottonel-semi-sweet-2024\\\/\",\"url\":\"https:\\\/\\\/juhaszbrotherswinery.hu\\\/en\\\/product\\\/juhasz-muscat-ottonel-semi-sweet-2024\\\/\",\"name\":\"Juh\u00e1sz Muscat Ottonel semi-sweet 2024\",\"isPartOf\":{\"@id\":\"https:\\\/\\\/juhaszbrotherswinery.hu\\\/en\\\/#website\"},\"primaryImageOfPage\":{\"@id\":\"https:\\\/\\\/juhaszbrotherswinery.hu\\\/en\\\/product\\\/juhasz-muscat-ottonel-semi-sweet-2024\\\/#primaryimage\"},\"image\":{\"@id\":\"https:\\\/\\\/juhaszbrotherswinery.hu\\\/en\\\/product\\\/juhasz-muscat-ottonel-semi-sweet-2024\\\/#primaryimage\"},\"thumbnailUrl\":\"https:\\\/\\\/juhaszbrotherswinery.hu\\\/wp-content\\\/uploads\\\/2023\\\/02\\\/Juhasz-Muscat-Ottonel-feledes-2024.jpg\",\"datePublished\":\"2023-02-22T10:40:23+00:00\",\"dateModified\":\"2025-12-16T12:20:36+00:00\",\"description\":\"On the nose, the freshness of spring flowers is immediately apparent, with notes of jasmine, elderflower and a subtle hint of Williams pear.\",\"breadcrumb\":{\"@id\":\"https:\\\/\\\/juhaszbrotherswinery.hu\\\/en\\\/product\\\/juhasz-muscat-ottonel-semi-sweet-2024\\\/#breadcrumb\"},\"inLanguage\":\"en-US\",\"potentialAction\":[{\"@type\":\"ReadAction\",\"target\":[\"https:\\\/\\\/juhaszbrotherswinery.hu\\\/en\\\/product\\\/juhasz-muscat-ottonel-semi-sweet-2024\\\/\"]}]},{\"@type\":\"ImageObject\",\"inLanguage\":\"en-US\",\"@id\":\"https:\\\/\\\/juhaszbrotherswinery.hu\\\/en\\\/product\\\/juhasz-muscat-ottonel-semi-sweet-2024\\\/#primaryimage\",\"url\":\"https:\\\/\\\/juhaszbrotherswinery.hu\\\/wp-content\\\/uploads\\\/2023\\\/02\\\/Juhasz-Muscat-Ottonel-feledes-2024.jpg\",\"contentUrl\":\"https:\\\/\\\/juhaszbrotherswinery.hu\\\/wp-content\\\/uploads\\\/2023\\\/02\\\/Juhasz-Muscat-Ottonel-feledes-2024.jpg\",\"width\":2000,\"height\":2000},{\"@type\":\"BreadcrumbList\",\"@id\":\"https:\\\/\\\/juhaszbrotherswinery.hu\\\/en\\\/product\\\/juhasz-muscat-ottonel-semi-sweet-2024\\\/#breadcrumb\",\"itemListElement\":[{\"@type\":\"ListItem\",\"position\":1,\"name\":\"Kezd\u0151lap\",\"item\":\"https:\\\/\\\/juhaszbrotherswinery.hu\\\/en\\\/\"},{\"@type\":\"ListItem\",\"position\":2,\"name\":\"Shop\",\"item\":\"https:\\\/\\\/juhaszbrotherswinery.hu\\\/en\\\/shop\\\/\"},{\"@type\":\"ListItem\",\"position\":3,\"name\":\"Juh\u00e1sz Muscat Ottonel semi-sweet 2024\"}]},{\"@type\":\"WebSite\",\"@id\":\"https:\\\/\\\/juhaszbrotherswinery.hu\\\/en\\\/#website\",\"url\":\"https:\\\/\\\/juhaszbrotherswinery.hu\\\/en\\\/\",\"name\":\"Juh\u00e1sz Webshop\",\"description\":\"T\u00f6rt\u00e9net\u00fcnk palackr\u00f3l palackra.\",\"publisher\":{\"@id\":\"https:\\\/\\\/juhaszbrotherswinery.hu\\\/en\\\/#organization\"},\"potentialAction\":[{\"@type\":\"SearchAction\",\"target\":{\"@type\":\"EntryPoint\",\"urlTemplate\":\"https:\\\/\\\/juhaszbrotherswinery.hu\\\/en\\\/?s={search_term_string}\"},\"query-input\":{\"@type\":\"PropertyValueSpecification\",\"valueRequired\":true,\"valueName\":\"search_term_string\"}}],\"inLanguage\":\"en-US\"},{\"@type\":\"Organization\",\"@id\":\"https:\\\/\\\/juhaszbrotherswinery.hu\\\/en\\\/#organization\",\"name\":\"Juh\u00e1sz Webshop\",\"url\":\"https:\\\/\\\/juhaszbrotherswinery.hu\\\/en\\\/\",\"logo\":{\"@type\":\"ImageObject\",\"inLanguage\":\"en-US\",\"@id\":\"https:\\\/\\\/juhaszbrotherswinery.hu\\\/en\\\/#\\\/schema\\\/logo\\\/image\\\/\",\"url\":\"https:\\\/\\\/juhaszbrotherswinery.hu\\\/wp-content\\\/uploads\\\/2026\\\/01\\\/cropped-juhasz_logo_30.png\",\"contentUrl\":\"https:\\\/\\\/juhaszbrotherswinery.hu\\\/wp-content\\\/uploads\\\/2026\\\/01\\\/cropped-juhasz_logo_30.png\",\"width\":460,\"height\":213,\"caption\":\"Juh\u00e1sz Webshop\"},\"image\":{\"@id\":\"https:\\\/\\\/juhaszbrotherswinery.hu\\\/en\\\/#\\\/schema\\\/logo\\\/image\\\/\"},\"sameAs\":[\"https:\\\/\\\/www.facebook.com\\\/juhasztestverek\",\"https:\\\/\\\/www.instagram.com\\\/juhasztestverekpinceszete\\\/\"]}]}<\/script>\n<!-- \/ Yoast SEO plugin. -->","yoast_head_json":{"title":"Juh\u00e1sz Muscat Ottonel semi-sweet 2024","description":"On the nose, the freshness of spring flowers is immediately apparent, with notes of jasmine, elderflower and a subtle hint of Williams pear.","robots":{"index":"index","follow":"follow","max-snippet":"max-snippet:-1","max-image-preview":"max-image-preview:large","max-video-preview":"max-video-preview:-1"},"canonical":"https:\/\/juhaszbrotherswinery.hu\/en\/product\/juhasz-muscat-ottonel-semi-sweet-2024\/","og_locale":"en_US","og_type":"article","og_title":"Juh\u00e1sz Muscat Ottonel semi-sweet 2024","og_description":"On the nose, the freshness of spring flowers is immediately apparent, with notes of jasmine, elderflower and a subtle hint of Williams pear.","og_url":"https:\/\/juhaszbrotherswinery.hu\/en\/product\/juhasz-muscat-ottonel-semi-sweet-2024\/","og_site_name":"Juh\u00e1sz Webshop","article_publisher":"https:\/\/www.facebook.com\/juhasztestverek","article_modified_time":"2025-12-16T12:20:36+00:00","og_image":[{"width":2000,"height":2000,"url":"https:\/\/juhaszbrotherswinery.hu\/wp-content\/uploads\/2023\/02\/Juhasz-Muscat-Ottonel-feledes-2024.jpg","type":"image\/jpeg"}],"twitter_card":"summary_large_image","twitter_misc":{"Est. reading time":"1 minute"},"schema":{"@context":"https:\/\/schema.org","@graph":[{"@type":"WebPage","@id":"https:\/\/juhaszbrotherswinery.hu\/en\/product\/juhasz-muscat-ottonel-semi-sweet-2024\/","url":"https:\/\/juhaszbrotherswinery.hu\/en\/product\/juhasz-muscat-ottonel-semi-sweet-2024\/","name":"Juh\u00e1sz Muscat Ottonel semi-sweet 2024","isPartOf":{"@id":"https:\/\/juhaszbrotherswinery.hu\/en\/#website"},"primaryImageOfPage":{"@id":"https:\/\/juhaszbrotherswinery.hu\/en\/product\/juhasz-muscat-ottonel-semi-sweet-2024\/#primaryimage"},"image":{"@id":"https:\/\/juhaszbrotherswinery.hu\/en\/product\/juhasz-muscat-ottonel-semi-sweet-2024\/#primaryimage"},"thumbnailUrl":"https:\/\/juhaszbrotherswinery.hu\/wp-content\/uploads\/2023\/02\/Juhasz-Muscat-Ottonel-feledes-2024.jpg","datePublished":"2023-02-22T10:40:23+00:00","dateModified":"2025-12-16T12:20:36+00:00","description":"On the nose, the freshness of spring flowers is immediately apparent, with notes of jasmine, elderflower and a subtle hint of Williams pear.","breadcrumb":{"@id":"https:\/\/juhaszbrotherswinery.hu\/en\/product\/juhasz-muscat-ottonel-semi-sweet-2024\/#breadcrumb"},"inLanguage":"en-US","potentialAction":[{"@type":"ReadAction","target":["https:\/\/juhaszbrotherswinery.hu\/en\/product\/juhasz-muscat-ottonel-semi-sweet-2024\/"]}]},{"@type":"ImageObject","inLanguage":"en-US","@id":"https:\/\/juhaszbrotherswinery.hu\/en\/product\/juhasz-muscat-ottonel-semi-sweet-2024\/#primaryimage","url":"https:\/\/juhaszbrotherswinery.hu\/wp-content\/uploads\/2023\/02\/Juhasz-Muscat-Ottonel-feledes-2024.jpg","contentUrl":"https:\/\/juhaszbrotherswinery.hu\/wp-content\/uploads\/2023\/02\/Juhasz-Muscat-Ottonel-feledes-2024.jpg","width":2000,"height":2000},{"@type":"BreadcrumbList","@id":"https:\/\/juhaszbrotherswinery.hu\/en\/product\/juhasz-muscat-ottonel-semi-sweet-2024\/#breadcrumb","itemListElement":[{"@type":"ListItem","position":1,"name":"Kezd\u0151lap","item":"https:\/\/juhaszbrotherswinery.hu\/en\/"},{"@type":"ListItem","position":2,"name":"Shop","item":"https:\/\/juhaszbrotherswinery.hu\/en\/shop\/"},{"@type":"ListItem","position":3,"name":"Juh\u00e1sz Muscat Ottonel semi-sweet 2024"}]},{"@type":"WebSite","@id":"https:\/\/juhaszbrotherswinery.hu\/en\/#website","url":"https:\/\/juhaszbrotherswinery.hu\/en\/","name":"Juh\u00e1sz Webshop","description":"T\u00f6rt\u00e9net\u00fcnk palackr\u00f3l palackra.","publisher":{"@id":"https:\/\/juhaszbrotherswinery.hu\/en\/#organization"},"potentialAction":[{"@type":"SearchAction","target":{"@type":"EntryPoint","urlTemplate":"https:\/\/juhaszbrotherswinery.hu\/en\/?s={search_term_string}"},"query-input":{"@type":"PropertyValueSpecification","valueRequired":true,"valueName":"search_term_string"}}],"inLanguage":"en-US"},{"@type":"Organization","@id":"https:\/\/juhaszbrotherswinery.hu\/en\/#organization","name":"Juh\u00e1sz Webshop","url":"https:\/\/juhaszbrotherswinery.hu\/en\/","logo":{"@type":"ImageObject","inLanguage":"en-US","@id":"https:\/\/juhaszbrotherswinery.hu\/en\/#\/schema\/logo\/image\/","url":"https:\/\/juhaszbrotherswinery.hu\/wp-content\/uploads\/2026\/01\/cropped-juhasz_logo_30.png","contentUrl":"https:\/\/juhaszbrotherswinery.hu\/wp-content\/uploads\/2026\/01\/cropped-juhasz_logo_30.png","width":460,"height":213,"caption":"Juh\u00e1sz Webshop"},"image":{"@id":"https:\/\/juhaszbrotherswinery.hu\/en\/#\/schema\/logo\/image\/"},"sameAs":["https:\/\/www.facebook.com\/juhasztestverek","https:\/\/www.instagram.com\/juhasztestverekpinceszete\/"]}]}},"jetpack_sharing_enabled":true,"_links":{"self":[{"href":"https:\/\/juhaszbrotherswinery.hu\/en\/wp-json\/wp\/v2\/product\/7597","targetHints":{"allow":["GET"]}}],"collection":[{"href":"https:\/\/juhaszbrotherswinery.hu\/en\/wp-json\/wp\/v2\/product"}],"about":[{"href":"https:\/\/juhaszbrotherswinery.hu\/en\/wp-json\/wp\/v2\/types\/product"}],"wp:featuredmedia":[{"embeddable":true,"href":"https:\/\/juhaszbrotherswinery.hu\/en\/wp-json\/wp\/v2\/media\/8120"}],"wp:attachment":[{"href":"https:\/\/juhaszbrotherswinery.hu\/en\/wp-json\/wp\/v2\/media?parent=7597"}],"wp:term":[{"taxonomy":"product_brand","embeddable":true,"href":"https:\/\/juhaszbrotherswinery.hu\/en\/wp-json\/wp\/v2\/product_brand?post=7597"},{"taxonomy":"product_cat","embeddable":true,"href":"https:\/\/juhaszbrotherswinery.hu\/en\/wp-json\/wp\/v2\/product_cat?post=7597"},{"taxonomy":"product_tag","embeddable":true,"href":"https:\/\/juhaszbrotherswinery.hu\/en\/wp-json\/wp\/v2\/product_tag?post=7597"}],"curies":[{"name":"wp","href":"https:\/\/api.w.org\/{rel}","templated":true}]}}