{"id":7722,"date":"2023-06-12T15:13:16","date_gmt":"2023-06-12T13:13:16","guid":{"rendered":"https:\/\/juhaszbrotherswinery.hu\/kapcsolat\/"},"modified":"2025-12-09T13:01:28","modified_gmt":"2025-12-09T12:01:28","slug":"contact","status":"publish","type":"page","link":"https:\/\/juhaszbrotherswinery.hu\/en\/contact\/","title":{"rendered":"Contact"},"content":{"rendered":"\t\t<div data-elementor-type=\"wp-page\" data-elementor-id=\"7722\" class=\"elementor elementor-7722 elementor-5352\">\n\t\t\t\t<div class=\"elementor-element elementor-element-40da8a5 e-con-full e-flex e-con e-parent\" data-id=\"40da8a5\" data-element_type=\"container\" data-e-type=\"container\">\n\t\t<div class=\"elementor-element elementor-element-57c8b35 e-con-full e-flex e-con e-child\" data-id=\"57c8b35\" data-element_type=\"container\" data-e-type=\"container\" data-settings=\"{&quot;background_background&quot;:&quot;classic&quot;}\">\n\t\t\t\t<\/div>\n\t\t\t\t<\/div>\n\t\t<div class=\"elementor-element elementor-element-9404acd e-flex e-con-boxed e-con e-parent\" data-id=\"9404acd\" data-element_type=\"container\" data-e-type=\"container\">\n\t\t\t\t\t<div class=\"e-con-inner\">\n\t\t\t\t<div class=\"elementor-element elementor-element-5ce0255 elementor-widget elementor-widget-heading\" data-id=\"5ce0255\" data-element_type=\"widget\" data-e-type=\"widget\" data-widget_type=\"heading.default\">\n\t\t\t\t<div class=\"elementor-widget-container\">\n\t\t\t\t\t<h2 class=\"elementor-heading-title elementor-size-default\">WEBSHOP CONTACT<\/h2>\t\t\t\t<\/div>\n\t\t\t\t<\/div>\n\t\t\t\t\t<\/div>\n\t\t\t\t<\/div>\n\t\t<div class=\"elementor-element elementor-element-c58141c e-flex e-con-boxed e-con e-parent\" data-id=\"c58141c\" data-element_type=\"container\" data-e-type=\"container\">\n\t\t\t\t\t<div class=\"e-con-inner\">\n\t\t<div class=\"elementor-element elementor-element-75ae62c e-con-full e-flex e-con e-child\" data-id=\"75ae62c\" data-element_type=\"container\" data-e-type=\"container\">\n\t\t\t\t<div class=\"elementor-element elementor-element-f2e2753 elementor-widget elementor-widget-heading\" data-id=\"f2e2753\" data-element_type=\"widget\" data-e-type=\"widget\" data-widget_type=\"heading.default\">\n\t\t\t\t<div class=\"elementor-widget-container\">\n\t\t\t\t\t<h3 class=\"elementor-heading-title elementor-size-default\"><a href=\"\/juhasz-street-bar\">EVENT<\/a><\/h3>\t\t\t\t<\/div>\n\t\t\t\t<\/div>\n\t\t\t\t<div class=\"elementor-element elementor-element-3af03e3 elementor-widget elementor-widget-text-editor\" data-id=\"3af03e3\" data-element_type=\"widget\" data-e-type=\"widget\" data-widget_type=\"text-editor.default\">\n\t\t\t\t<div class=\"elementor-widget-container\">\n\t\t\t\t\t\t\t\t\t<p class=\"has-normal-font-size\"><strong>Outreach event<\/strong><\/p>\t\t\t\t\t\t\t\t<\/div>\n\t\t\t\t<\/div>\n\t\t\t\t<div class=\"elementor-element elementor-element-6fbb9ec elementor-widget-divider--view-line elementor-widget elementor-widget-divider\" data-id=\"6fbb9ec\" data-element_type=\"widget\" data-e-type=\"widget\" data-widget_type=\"divider.default\">\n\t\t\t\t<div class=\"elementor-widget-container\">\n\t\t\t\t\t\t\t<div class=\"elementor-divider\">\n\t\t\t<span class=\"elementor-divider-separator\">\n\t\t\t\t\t\t<\/span>\n\t\t<\/div>\n\t\t\t\t\t\t<\/div>\n\t\t\t\t<\/div>\n\t\t\t\t<div class=\"elementor-element elementor-element-e6d666e elementor-widget elementor-widget-text-editor\" data-id=\"e6d666e\" data-element_type=\"widget\" data-e-type=\"widget\" data-widget_type=\"text-editor.default\">\n\t\t\t\t<div class=\"elementor-widget-container\">\n\t\t\t\t\t\t\t\t\t<p><strong>Juh\u00e1sz Catering Team<br \/><\/strong>+36 30 316 1751<br \/><a href=\"mailto:rendezveny@juhaszbrotherswinery.hu\">rendezveny@juhaszbrotherswinery.hu<\/a><\/p>\t\t\t\t\t\t\t\t<\/div>\n\t\t\t\t<\/div>\n\t\t\t\t<\/div>\n\t\t<div class=\"elementor-element elementor-element-fc3567b e-con-full e-flex e-con e-child\" data-id=\"fc3567b\" data-element_type=\"container\" data-e-type=\"container\">\n\t\t\t\t<div class=\"elementor-element elementor-element-ef16eab elementor-widget elementor-widget-heading\" data-id=\"ef16eab\" data-element_type=\"widget\" data-e-type=\"widget\" data-widget_type=\"heading.default\">\n\t\t\t\t<div class=\"elementor-widget-container\">\n\t\t\t\t\t<h3 class=\"elementor-heading-title elementor-size-default\"><a href=\"https:\/\/www.smarthotelbudapest.hu\/borbar\/juhasz-brothers-winery\" target=\"_blank\">Winery<\/a><\/h3>\t\t\t\t<\/div>\n\t\t\t\t<\/div>\n\t\t\t\t<div class=\"elementor-element elementor-element-49260eb elementor-widget elementor-widget-text-editor\" data-id=\"49260eb\" data-element_type=\"widget\" data-e-type=\"widget\" data-widget_type=\"text-editor.default\">\n\t\t\t\t<div class=\"elementor-widget-container\">\n\t\t\t\t\t\t\t\t\t<p class=\"has-normal-font-size\"><strong>Showroom<\/strong><\/p>\t\t\t\t\t\t\t\t<\/div>\n\t\t\t\t<\/div>\n\t\t\t\t<div class=\"elementor-element elementor-element-08ac675 elementor-widget-divider--view-line elementor-widget elementor-widget-divider\" data-id=\"08ac675\" data-element_type=\"widget\" data-e-type=\"widget\" data-widget_type=\"divider.default\">\n\t\t\t\t<div class=\"elementor-widget-container\">\n\t\t\t\t\t\t\t<div class=\"elementor-divider\">\n\t\t\t<span class=\"elementor-divider-separator\">\n\t\t\t\t\t\t<\/span>\n\t\t<\/div>\n\t\t\t\t\t\t<\/div>\n\t\t\t\t<\/div>\n\t\t\t\t<div class=\"elementor-element elementor-element-40bed40 elementor-widget elementor-widget-text-editor\" data-id=\"40bed40\" data-element_type=\"widget\" data-e-type=\"widget\" data-widget_type=\"text-editor.default\">\n\t\t\t\t<div class=\"elementor-widget-container\">\n\t\t\t\t\t\t\t\t\t<p><strong>Juh\u00e1sz Brothers Winery<\/strong><br \/>1068 Bp. L\u00f6v\u00f6lde t\u00e9r 4. | +3670 882 7690<br \/><a href=\"mailto:bornagyker@juhaszbrotherswinery.hu\">bornagyker@juhaszbrotherswinery.hu<\/a><\/p>\t\t\t\t\t\t\t\t<\/div>\n\t\t\t\t<\/div>\n\t\t\t\t<\/div>\n\t\t<div class=\"elementor-element elementor-element-a429c66 e-con-full e-flex e-con e-child\" data-id=\"a429c66\" data-element_type=\"container\" data-e-type=\"container\">\n\t\t\t\t<div class=\"elementor-element elementor-element-99324dd elementor-widget elementor-widget-heading\" data-id=\"99324dd\" data-element_type=\"widget\" data-e-type=\"widget\" data-widget_type=\"heading.default\">\n\t\t\t\t<div class=\"elementor-widget-container\">\n\t\t\t\t\t<h3 class=\"elementor-heading-title elementor-size-default\"><a href=\"\/webshop\">WebShop<\/a><\/h3>\t\t\t\t<\/div>\n\t\t\t\t<\/div>\n\t\t\t\t<div class=\"elementor-element elementor-element-b81c710 elementor-widget elementor-widget-text-editor\" data-id=\"b81c710\" data-element_type=\"widget\" data-e-type=\"widget\" data-widget_type=\"text-editor.default\">\n\t\t\t\t<div class=\"elementor-widget-container\">\n\t\t\t\t\t\t\t\t\t<p class=\"has-normal-font-size\"><strong>Wine Retail<\/strong><\/p>\t\t\t\t\t\t\t\t<\/div>\n\t\t\t\t<\/div>\n\t\t\t\t<div class=\"elementor-element elementor-element-76063ca elementor-widget-divider--view-line elementor-widget elementor-widget-divider\" data-id=\"76063ca\" data-element_type=\"widget\" data-e-type=\"widget\" data-widget_type=\"divider.default\">\n\t\t\t\t<div class=\"elementor-widget-container\">\n\t\t\t\t\t\t\t<div class=\"elementor-divider\">\n\t\t\t<span class=\"elementor-divider-separator\">\n\t\t\t\t\t\t<\/span>\n\t\t<\/div>\n\t\t\t\t\t\t<\/div>\n\t\t\t\t<\/div>\n\t\t\t\t<div class=\"elementor-element elementor-element-ad69b4c elementor-widget elementor-widget-text-editor\" data-id=\"ad69b4c\" data-element_type=\"widget\" data-e-type=\"widget\" data-widget_type=\"text-editor.default\">\n\t\t\t\t<div class=\"elementor-widget-container\">\n\t\t\t\t\t\t\t\t\t<p><strong>Juh\u00e1sz Wine Retail<br \/><\/strong>1068 Bp. L\u00f6v\u00f6lde t\u00e9r 5. | +3630 316 1751<br \/><a href=\"mailto:juhaszvin@jackandwine.hu\">webshop@juhaszbrotherswinery.hu<\/a><\/p>\t\t\t\t\t\t\t\t<\/div>\n\t\t\t\t<\/div>\n\t\t\t\t<\/div>\n\t\t\t\t\t<\/div>\n\t\t\t\t<\/div>\n\t\t<div class=\"elementor-element elementor-element-361b798 e-flex e-con-boxed e-con e-parent\" data-id=\"361b798\" data-element_type=\"container\" data-e-type=\"container\">\n\t\t\t\t\t<div class=\"e-con-inner\">\n\t\t\t\t<div class=\"elementor-element elementor-element-cdc57d9 elementor-widget-divider--view-line elementor-widget elementor-widget-divider\" data-id=\"cdc57d9\" data-element_type=\"widget\" data-e-type=\"widget\" data-widget_type=\"divider.default\">\n\t\t\t\t<div class=\"elementor-widget-container\">\n\t\t\t\t\t\t\t<div class=\"elementor-divider\">\n\t\t\t<span class=\"elementor-divider-separator\">\n\t\t\t\t\t\t<\/span>\n\t\t<\/div>\n\t\t\t\t\t\t<\/div>\n\t\t\t\t<\/div>\n\t\t\t\t<div class=\"elementor-element elementor-element-943153c elementor-widget elementor-widget-spacer\" data-id=\"943153c\" data-element_type=\"widget\" data-e-type=\"widget\" data-widget_type=\"spacer.default\">\n\t\t\t\t<div class=\"elementor-widget-container\">\n\t\t\t\t\t\t\t<div class=\"elementor-spacer\">\n\t\t\t<div class=\"elementor-spacer-inner\"><\/div>\n\t\t<\/div>\n\t\t\t\t\t\t<\/div>\n\t\t\t\t<\/div>\n\t\t\t\t<div class=\"elementor-element elementor-element-c3f44a2 elementor-widget elementor-widget-heading\" data-id=\"c3f44a2\" data-element_type=\"widget\" data-e-type=\"widget\" data-widget_type=\"heading.default\">\n\t\t\t\t<div class=\"elementor-widget-container\">\n\t\t\t\t\t<h2 class=\"elementor-heading-title elementor-size-default\">JUH\u00c1SZ TESTV\u00c9REK PINC\u00c9SZETE contact<\/h2>\t\t\t\t<\/div>\n\t\t\t\t<\/div>\n\t\t\t\t<div class=\"elementor-element elementor-element-f1e0ab3 elementor-widget elementor-widget-spacer\" data-id=\"f1e0ab3\" data-element_type=\"widget\" data-e-type=\"widget\" data-widget_type=\"spacer.default\">\n\t\t\t\t<div class=\"elementor-widget-container\">\n\t\t\t\t\t\t\t<div class=\"elementor-spacer\">\n\t\t\t<div class=\"elementor-spacer-inner\"><\/div>\n\t\t<\/div>\n\t\t\t\t\t\t<\/div>\n\t\t\t\t<\/div>\n\t\t\t\t<div class=\"elementor-element elementor-element-e84eca8 elementor-widget elementor-widget-text-editor\" data-id=\"e84eca8\" data-element_type=\"widget\" data-e-type=\"widget\" data-widget_type=\"text-editor.default\">\n\t\t\t\t<div class=\"elementor-widget-container\">\n\t\t\t\t\t\t\t\t\t<div><span id=\"m_7302209929136031244gmail-docs-internal-guid-282dce34-7fff-f71a-f99b-46285dc68a2f\"><b>HEADQUARTER<\/b><br \/>Juh\u00e1szvin Kft.<\/span><\/div><div><div><strong>VAT<\/strong> 11171775-2-10<br \/><strong>Address<\/strong> 3394 Egerszal\u00f3k, Sz\u00e9chenyi Istv\u00e1n \u00fat 79.<\/div><div>\u00a0<\/div><p><span id=\"m_7302209929136031244gmail-docs-internal-guid-282dce34-7fff-f71a-f99b-46285dc68a2f\"><strong>OFFICE<\/strong><br \/>E-mail: <a href=\"mailto:titkarsag@juhaszvin.hu\" target=\"_blank\" rel=\"noopener\">titkarsag@juhaszvin.hu<\/a><br \/>Gy\u0151ri-T\u00f3th Ivett +36 20 420 1409<\/span><\/p><\/div><div>\u00a0<\/div><div><p><b>SALES<\/b><br \/>V\u00e1lyi Katalin +36 30 732 3287<br \/>E-mail: <a href=\"mailto:valyi.katalin@juhaszvin.hu\" target=\"_blank\" rel=\"noopener\">valyi.katalin@juhaszvin.hu<\/a><br \/>Kal\u00e1n S\u00e1ndor +36 30 958 3272<br \/>E-mail: <a href=\"mailto:kalan.sandor@juhaszvin.hu\" target=\"_blank\" rel=\"noopener\">kalan.sandor@juhaszvin.hu<\/a><\/p><p><strong>BOTTLING, WAREHOUSE<\/strong><br \/>3394 Egerszal\u00f3k, Posta u. 2.<br \/>Office, Sales: +36 70 365 8239, +36 20 960 4099<br \/>E-mail: <a href=\"mailto:info@juhaszvin.hu\">info@juhaszvin.hu<\/a><\/p><\/div>\t\t\t\t\t\t\t\t<\/div>\n\t\t\t\t<\/div>\n\t\t\t\t<div class=\"elementor-element elementor-element-5dda675 elementor-widget elementor-widget-heading\" data-id=\"5dda675\" data-element_type=\"widget\" data-e-type=\"widget\" data-widget_type=\"heading.default\">\n\t\t\t\t<div class=\"elementor-widget-container\">\n\t\t\t\t\t<h3 class=\"elementor-heading-title elementor-size-default\">Wine tasting and purchasing at multiple locations<\/h3>\t\t\t\t<\/div>\n\t\t\t\t<\/div>\n\t\t\t\t<div class=\"elementor-element elementor-element-ff035f4 elementor-widget elementor-widget-text-editor\" data-id=\"ff035f4\" data-element_type=\"widget\" data-e-type=\"widget\" data-widget_type=\"text-editor.default\">\n\t\t\t\t<div class=\"elementor-widget-container\">\n\t\t\t\t\t\t\t\t\t<div><p><b>Sz\u00e9passzonyv\u00f6lgy 38. | Winebar &amp; Shop<\/b><br \/>Asztalfoglal\u00e1s +36 30 493 8415 |\u00a0<a href=\"mailto:borbar@juhaszvin.hu\" target=\"_blank\" rel=\"noopener\">borbar@juhaszvin.hu<\/a><\/p><p><strong>Winery &amp; Visitor Center \u2013 K\u0151lyuki Wine Cellar Row<\/strong><br \/>3300 Eger, K\u0151lyuki Pincesor 35. |\u00a0<a href=\"mailto:borkostolo@juhaszvin.hu\" target=\"_blank\" rel=\"noopener\">borkostolo@juhaszvin.hu<\/a>\u00a0| +36 20 420 1409<\/p><\/div><div><b>Retail and webshop Budapest<\/b><br \/>Gali Tam\u00e1s +36 30 316 1751<br \/><a href=\"http:\/\/juhaszbrotherswinery.hu\/\" target=\"_blank\" rel=\"noopener\" data-saferedirecturl=\"https:\/\/www.google.com\/url?q=http:\/\/juhaszbrotherswinery.hu&amp;source=gmail&amp;ust=1752152633259000&amp;usg=AOvVaw3Y5ASN6Fl02nmsmIQf7DsH\">juhaszbrotherswinery.hu<\/a><br \/><a href=\"mailto:juhaszvin@jackandwine.hu\" target=\"_blank\" rel=\"noopener\">juhaszvin@jackandwine.hu<\/a><\/div>\t\t\t\t\t\t\t\t<\/div>\n\t\t\t\t<\/div>\n\t\t\t\t\t<\/div>\n\t\t\t\t<\/div>\n\t\t\t\t<\/div>\n\t\t","protected":false},"excerpt":{"rendered":"<p>WEBSHOP CONTACT EVENT Outreach event Juh\u00e1sz Catering Team+36 30 316 1751rendezveny@juhaszbrotherswinery.hu Winery Showroom Juh\u00e1sz Brothers Winery1068 Bp. L\u00f6v\u00f6lde t\u00e9r 4. [&hellip;]<\/p>\n","protected":false},"author":1,"featured_media":7756,"parent":0,"menu_order":0,"comment_status":"closed","ping_status":"closed","template":"elementor_header_footer","meta":{"site-sidebar-layout":"no-sidebar","site-content-layout":"","ast-site-content-layout":"full-width-container","site-content-style":"unboxed","site-sidebar-style":"default","ast-global-header-display":"","ast-banner-title-visibility":"","ast-main-header-display":"","ast-hfb-above-header-display":"","ast-hfb-below-header-display":"","ast-hfb-mobile-header-display":"","site-post-title":"","ast-breadcrumbs-content":"","ast-featured-img":"","footer-sml-layout":"","ast-disable-related-posts":"","theme-transparent-header-meta":"default","adv-header-id-meta":"","stick-header-meta":"","header-above-stick-meta":"","header-main-stick-meta":"","header-below-stick-meta":"","astra-migrate-meta-layouts":"set","ast-page-background-enabled":"default","ast-page-background-meta":{"desktop":{"background-color":"var(--ast-global-color-5)","background-image":"","background-repeat":"repeat","background-position":"center center","background-size":"auto","background-attachment":"scroll","background-type":"","background-media":"","overlay-type":"","overlay-color":"","overlay-opacity":"","overlay-gradient":""},"tablet":{"background-color":"","background-image":"","background-repeat":"repeat","background-position":"center center","background-size":"auto","background-attachment":"scroll","background-type":"","background-media":"","overlay-type":"","overlay-color":"","overlay-opacity":"","overlay-gradient":""},"mobile":{"background-color":"","background-image":"","background-repeat":"repeat","background-position":"center center","background-size":"auto","background-attachment":"scroll","background-type":"","background-media":"","overlay-type":"","overlay-color":"","overlay-opacity":"","overlay-gradient":""}},"ast-content-background-meta":{"desktop":{"background-color":"var(--ast-global-color-4)","background-image":"","background-repeat":"repeat","background-position":"center center","background-size":"auto","background-attachment":"scroll","background-type":"","background-media":"","overlay-type":"","overlay-color":"","overlay-opacity":"","overlay-gradient":""},"tablet":{"background-color":"var(--ast-global-color-4)","background-image":"","background-repeat":"repeat","background-position":"center center","background-size":"auto","background-attachment":"scroll","background-type":"","background-media":"","overlay-type":"","overlay-color":"","overlay-opacity":"","overlay-gradient":""},"mobile":{"background-color":"var(--ast-global-color-4)","background-image":"","background-repeat":"repeat","background-position":"center center","background-size":"auto","background-attachment":"scroll","background-type":"","background-media":"","overlay-type":"","overlay-color":"","overlay-opacity":"","overlay-gradient":""}},"footnotes":""},"class_list":["post-7722","page","type-page","status-publish","has-post-thumbnail","hentry"],"yoast_head":"<!-- This site is optimized with the Yoast SEO plugin v27.3 - https:\/\/yoast.com\/product\/yoast-seo-wordpress\/ -->\n<title>Contact<\/title>\n<meta name=\"description\" content=\"Juh\u00e1szvin Kft., Office: titkarsag@juhaszvin.hu, VAT number: 11171775-2-10 Sz\u00e9khely: 3394 Egerszal\u00f3k, Sz\u00e9chenyi Istv\u00e1n \u00fat 79.\" \/>\n<meta name=\"robots\" content=\"index, follow, max-snippet:-1, max-image-preview:large, max-video-preview:-1\" \/>\n<link rel=\"canonical\" href=\"https:\/\/juhaszbrotherswinery.hu\/en\/contact\/\" \/>\n<meta property=\"og:locale\" content=\"en_US\" \/>\n<meta property=\"og:type\" content=\"article\" \/>\n<meta property=\"og:title\" content=\"Contact\" \/>\n<meta property=\"og:description\" content=\"Juh\u00e1szvin Kft., Office: titkarsag@juhaszvin.hu, VAT number: 11171775-2-10 Sz\u00e9khely: 3394 Egerszal\u00f3k, Sz\u00e9chenyi Istv\u00e1n \u00fat 79.\" \/>\n<meta property=\"og:url\" content=\"https:\/\/juhaszbrotherswinery.hu\/en\/contact\/\" \/>\n<meta property=\"og:site_name\" content=\"Juh\u00e1sz Webshop\" \/>\n<meta property=\"article:publisher\" content=\"https:\/\/www.facebook.com\/juhasztestverek\" \/>\n<meta property=\"article:modified_time\" content=\"2025-12-09T12:01:28+00:00\" \/>\n<meta property=\"og:image\" content=\"https:\/\/juhaszbrotherswinery.hu\/wp-content\/uploads\/2025\/12\/pexels-bram-bleux-3683867-10626701-scaled.jpg\" \/>\n\t<meta property=\"og:image:width\" content=\"2560\" \/>\n\t<meta property=\"og:image:height\" content=\"1707\" \/>\n\t<meta property=\"og:image:type\" content=\"image\/jpeg\" \/>\n<meta name=\"twitter:card\" content=\"summary_large_image\" \/>\n<meta name=\"twitter:label1\" content=\"Est. reading time\" \/>\n\t<meta name=\"twitter:data1\" content=\"1 minute\" \/>\n<script type=\"application\/ld+json\" class=\"yoast-schema-graph\">{\"@context\":\"https:\\\/\\\/schema.org\",\"@graph\":[{\"@type\":\"WebPage\",\"@id\":\"https:\\\/\\\/juhaszbrotherswinery.hu\\\/en\\\/contact\\\/\",\"url\":\"https:\\\/\\\/juhaszbrotherswinery.hu\\\/en\\\/contact\\\/\",\"name\":\"Contact\",\"isPartOf\":{\"@id\":\"https:\\\/\\\/juhaszbrotherswinery.hu\\\/en\\\/#website\"},\"primaryImageOfPage\":{\"@id\":\"https:\\\/\\\/juhaszbrotherswinery.hu\\\/en\\\/contact\\\/#primaryimage\"},\"image\":{\"@id\":\"https:\\\/\\\/juhaszbrotherswinery.hu\\\/en\\\/contact\\\/#primaryimage\"},\"thumbnailUrl\":\"https:\\\/\\\/juhaszbrotherswinery.hu\\\/wp-content\\\/uploads\\\/2025\\\/12\\\/pexels-bram-bleux-3683867-10626701-scaled.jpg\",\"datePublished\":\"2023-06-12T13:13:16+00:00\",\"dateModified\":\"2025-12-09T12:01:28+00:00\",\"description\":\"Juh\u00e1szvin Kft., Office: titkarsag@juhaszvin.hu, VAT number: 11171775-2-10 Sz\u00e9khely: 3394 Egerszal\u00f3k, Sz\u00e9chenyi Istv\u00e1n \u00fat 79.\",\"breadcrumb\":{\"@id\":\"https:\\\/\\\/juhaszbrotherswinery.hu\\\/en\\\/contact\\\/#breadcrumb\"},\"inLanguage\":\"en-US\",\"potentialAction\":[{\"@type\":\"ReadAction\",\"target\":[\"https:\\\/\\\/juhaszbrotherswinery.hu\\\/en\\\/contact\\\/\"]}]},{\"@type\":\"ImageObject\",\"inLanguage\":\"en-US\",\"@id\":\"https:\\\/\\\/juhaszbrotherswinery.hu\\\/en\\\/contact\\\/#primaryimage\",\"url\":\"https:\\\/\\\/juhaszbrotherswinery.hu\\\/wp-content\\\/uploads\\\/2025\\\/12\\\/pexels-bram-bleux-3683867-10626701-scaled.jpg\",\"contentUrl\":\"https:\\\/\\\/juhaszbrotherswinery.hu\\\/wp-content\\\/uploads\\\/2025\\\/12\\\/pexels-bram-bleux-3683867-10626701-scaled.jpg\",\"width\":2560,\"height\":1707},{\"@type\":\"BreadcrumbList\",\"@id\":\"https:\\\/\\\/juhaszbrotherswinery.hu\\\/en\\\/contact\\\/#breadcrumb\",\"itemListElement\":[{\"@type\":\"ListItem\",\"position\":1,\"name\":\"Kezd\u0151lap\",\"item\":\"https:\\\/\\\/juhaszbrotherswinery.hu\\\/en\\\/\"},{\"@type\":\"ListItem\",\"position\":2,\"name\":\"Contact\"}]},{\"@type\":\"WebSite\",\"@id\":\"https:\\\/\\\/juhaszbrotherswinery.hu\\\/en\\\/#website\",\"url\":\"https:\\\/\\\/juhaszbrotherswinery.hu\\\/en\\\/\",\"name\":\"Juh\u00e1sz Webshop\",\"description\":\"T\u00f6rt\u00e9net\u00fcnk palackr\u00f3l palackra.\",\"publisher\":{\"@id\":\"https:\\\/\\\/juhaszbrotherswinery.hu\\\/en\\\/#organization\"},\"potentialAction\":[{\"@type\":\"SearchAction\",\"target\":{\"@type\":\"EntryPoint\",\"urlTemplate\":\"https:\\\/\\\/juhaszbrotherswinery.hu\\\/en\\\/?s={search_term_string}\"},\"query-input\":{\"@type\":\"PropertyValueSpecification\",\"valueRequired\":true,\"valueName\":\"search_term_string\"}}],\"inLanguage\":\"en-US\"},{\"@type\":\"Organization\",\"@id\":\"https:\\\/\\\/juhaszbrotherswinery.hu\\\/en\\\/#organization\",\"name\":\"Juh\u00e1sz Webshop\",\"url\":\"https:\\\/\\\/juhaszbrotherswinery.hu\\\/en\\\/\",\"logo\":{\"@type\":\"ImageObject\",\"inLanguage\":\"en-US\",\"@id\":\"https:\\\/\\\/juhaszbrotherswinery.hu\\\/en\\\/#\\\/schema\\\/logo\\\/image\\\/\",\"url\":\"https:\\\/\\\/juhaszbrotherswinery.hu\\\/wp-content\\\/uploads\\\/2026\\\/01\\\/cropped-juhasz_logo_30.png\",\"contentUrl\":\"https:\\\/\\\/juhaszbrotherswinery.hu\\\/wp-content\\\/uploads\\\/2026\\\/01\\\/cropped-juhasz_logo_30.png\",\"width\":460,\"height\":213,\"caption\":\"Juh\u00e1sz Webshop\"},\"image\":{\"@id\":\"https:\\\/\\\/juhaszbrotherswinery.hu\\\/en\\\/#\\\/schema\\\/logo\\\/image\\\/\"},\"sameAs\":[\"https:\\\/\\\/www.facebook.com\\\/juhasztestverek\",\"https:\\\/\\\/www.instagram.com\\\/juhasztestverekpinceszete\\\/\"]}]}<\/script>\n<!-- \/ Yoast SEO plugin. -->","yoast_head_json":{"title":"Contact","description":"Juh\u00e1szvin Kft., Office: titkarsag@juhaszvin.hu, VAT number: 11171775-2-10 Sz\u00e9khely: 3394 Egerszal\u00f3k, Sz\u00e9chenyi Istv\u00e1n \u00fat 79.","robots":{"index":"index","follow":"follow","max-snippet":"max-snippet:-1","max-image-preview":"max-image-preview:large","max-video-preview":"max-video-preview:-1"},"canonical":"https:\/\/juhaszbrotherswinery.hu\/en\/contact\/","og_locale":"en_US","og_type":"article","og_title":"Contact","og_description":"Juh\u00e1szvin Kft., Office: titkarsag@juhaszvin.hu, VAT number: 11171775-2-10 Sz\u00e9khely: 3394 Egerszal\u00f3k, Sz\u00e9chenyi Istv\u00e1n \u00fat 79.","og_url":"https:\/\/juhaszbrotherswinery.hu\/en\/contact\/","og_site_name":"Juh\u00e1sz Webshop","article_publisher":"https:\/\/www.facebook.com\/juhasztestverek","article_modified_time":"2025-12-09T12:01:28+00:00","og_image":[{"width":2560,"height":1707,"url":"https:\/\/juhaszbrotherswinery.hu\/wp-content\/uploads\/2025\/12\/pexels-bram-bleux-3683867-10626701-scaled.jpg","type":"image\/jpeg"}],"twitter_card":"summary_large_image","twitter_misc":{"Est. reading time":"1 minute"},"schema":{"@context":"https:\/\/schema.org","@graph":[{"@type":"WebPage","@id":"https:\/\/juhaszbrotherswinery.hu\/en\/contact\/","url":"https:\/\/juhaszbrotherswinery.hu\/en\/contact\/","name":"Contact","isPartOf":{"@id":"https:\/\/juhaszbrotherswinery.hu\/en\/#website"},"primaryImageOfPage":{"@id":"https:\/\/juhaszbrotherswinery.hu\/en\/contact\/#primaryimage"},"image":{"@id":"https:\/\/juhaszbrotherswinery.hu\/en\/contact\/#primaryimage"},"thumbnailUrl":"https:\/\/juhaszbrotherswinery.hu\/wp-content\/uploads\/2025\/12\/pexels-bram-bleux-3683867-10626701-scaled.jpg","datePublished":"2023-06-12T13:13:16+00:00","dateModified":"2025-12-09T12:01:28+00:00","description":"Juh\u00e1szvin Kft., Office: titkarsag@juhaszvin.hu, VAT number: 11171775-2-10 Sz\u00e9khely: 3394 Egerszal\u00f3k, Sz\u00e9chenyi Istv\u00e1n \u00fat 79.","breadcrumb":{"@id":"https:\/\/juhaszbrotherswinery.hu\/en\/contact\/#breadcrumb"},"inLanguage":"en-US","potentialAction":[{"@type":"ReadAction","target":["https:\/\/juhaszbrotherswinery.hu\/en\/contact\/"]}]},{"@type":"ImageObject","inLanguage":"en-US","@id":"https:\/\/juhaszbrotherswinery.hu\/en\/contact\/#primaryimage","url":"https:\/\/juhaszbrotherswinery.hu\/wp-content\/uploads\/2025\/12\/pexels-bram-bleux-3683867-10626701-scaled.jpg","contentUrl":"https:\/\/juhaszbrotherswinery.hu\/wp-content\/uploads\/2025\/12\/pexels-bram-bleux-3683867-10626701-scaled.jpg","width":2560,"height":1707},{"@type":"BreadcrumbList","@id":"https:\/\/juhaszbrotherswinery.hu\/en\/contact\/#breadcrumb","itemListElement":[{"@type":"ListItem","position":1,"name":"Kezd\u0151lap","item":"https:\/\/juhaszbrotherswinery.hu\/en\/"},{"@type":"ListItem","position":2,"name":"Contact"}]},{"@type":"WebSite","@id":"https:\/\/juhaszbrotherswinery.hu\/en\/#website","url":"https:\/\/juhaszbrotherswinery.hu\/en\/","name":"Juh\u00e1sz Webshop","description":"T\u00f6rt\u00e9net\u00fcnk palackr\u00f3l palackra.","publisher":{"@id":"https:\/\/juhaszbrotherswinery.hu\/en\/#organization"},"potentialAction":[{"@type":"SearchAction","target":{"@type":"EntryPoint","urlTemplate":"https:\/\/juhaszbrotherswinery.hu\/en\/?s={search_term_string}"},"query-input":{"@type":"PropertyValueSpecification","valueRequired":true,"valueName":"search_term_string"}}],"inLanguage":"en-US"},{"@type":"Organization","@id":"https:\/\/juhaszbrotherswinery.hu\/en\/#organization","name":"Juh\u00e1sz Webshop","url":"https:\/\/juhaszbrotherswinery.hu\/en\/","logo":{"@type":"ImageObject","inLanguage":"en-US","@id":"https:\/\/juhaszbrotherswinery.hu\/en\/#\/schema\/logo\/image\/","url":"https:\/\/juhaszbrotherswinery.hu\/wp-content\/uploads\/2026\/01\/cropped-juhasz_logo_30.png","contentUrl":"https:\/\/juhaszbrotherswinery.hu\/wp-content\/uploads\/2026\/01\/cropped-juhasz_logo_30.png","width":460,"height":213,"caption":"Juh\u00e1sz Webshop"},"image":{"@id":"https:\/\/juhaszbrotherswinery.hu\/en\/#\/schema\/logo\/image\/"},"sameAs":["https:\/\/www.facebook.com\/juhasztestverek","https:\/\/www.instagram.com\/juhasztestverekpinceszete\/"]}]}},"jetpack_sharing_enabled":true,"_links":{"self":[{"href":"https:\/\/juhaszbrotherswinery.hu\/en\/wp-json\/wp\/v2\/pages\/7722","targetHints":{"allow":["GET"]}}],"collection":[{"href":"https:\/\/juhaszbrotherswinery.hu\/en\/wp-json\/wp\/v2\/pages"}],"about":[{"href":"https:\/\/juhaszbrotherswinery.hu\/en\/wp-json\/wp\/v2\/types\/page"}],"author":[{"embeddable":true,"href":"https:\/\/juhaszbrotherswinery.hu\/en\/wp-json\/wp\/v2\/users\/1"}],"replies":[{"embeddable":true,"href":"https:\/\/juhaszbrotherswinery.hu\/en\/wp-json\/wp\/v2\/comments?post=7722"}],"version-history":[{"count":4,"href":"https:\/\/juhaszbrotherswinery.hu\/en\/wp-json\/wp\/v2\/pages\/7722\/revisions"}],"predecessor-version":[{"id":7760,"href":"https:\/\/juhaszbrotherswinery.hu\/en\/wp-json\/wp\/v2\/pages\/7722\/revisions\/7760"}],"wp:featuredmedia":[{"embeddable":true,"href":"https:\/\/juhaszbrotherswinery.hu\/en\/wp-json\/wp\/v2\/media\/7756"}],"wp:attachment":[{"href":"https:\/\/juhaszbrotherswinery.hu\/en\/wp-json\/wp\/v2\/media?parent=7722"}],"curies":[{"name":"wp","href":"https:\/\/api.w.org\/{rel}","templated":true}]}}